{"id":10524,"date":"2021-11-16T12:29:16","date_gmt":"2021-11-16T12:29:16","guid":{"rendered":"http:\/\/dummy.xtemos.com\/woodmart2\/elementor\/?page_id=10524"},"modified":"2026-04-02T11:20:17","modified_gmt":"2026-04-02T11:20:17","slug":"avis","status":"publish","type":"page","link":"https:\/\/ampassion-auto.com\/cs\/avis\/","title":{"rendered":"Recenze z\u00e1kazn\u00edk\u016f"},"content":{"rendered":"<div data-elementor-type=\"wp-page\" data-elementor-id=\"10524\" class=\"elementor elementor-10524\" data-elementor-post-type=\"page\">\n\t\t\t\t\t\t<section class=\"wd-negative-gap elementor-section elementor-top-section elementor-element elementor-element-2fe476be wd-section-stretch elementor-section-boxed elementor-section-height-default elementor-section-height-default\" data-id=\"2fe476be\" data-element_type=\"section\" data-e-type=\"section\" data-settings=\"{&quot;background_background&quot;:&quot;classic&quot;}\">\n\t\t\t\t\t\t<div class=\"elementor-container elementor-column-gap-default\">\n\t\t\t\t\t<div class=\"elementor-column elementor-col-100 elementor-top-column elementor-element elementor-element-388a99f0\" data-id=\"388a99f0\" data-element_type=\"column\" data-e-type=\"column\">\n\t\t\t<div class=\"elementor-widget-wrap elementor-element-populated\">\n\t\t\t\t\t\t<div class=\"elementor-element elementor-element-9469439 wd-width-100 elementor-widget elementor-widget-wd_title\" data-id=\"9469439\" data-element_type=\"widget\" data-e-type=\"widget\" data-widget_type=\"wd_title.default\">\n\t\t\t\t<div class=\"elementor-widget-container\">\n\t\t\t\t\t\t\t<div class=\"title-wrapper wd-set-mb reset-last-child wd-title-color-primary wd-title-style-bordered wd-title-size-default text-center\">\n\n\t\t\t\n\t\t\t<div class=\"liner-continer\">\n\t\t\t\t<h4 class=\"woodmart-title-container title wd-fontsize-l\">Recenze z\u00e1kazn\u00edk\u016f<\/h4> \n\t\t\t\t\t\t\t<\/div>\n\n\t\t\t\t\t<\/div>\n\t\t\t\t\t\t<\/div>\n\t\t\t\t<\/div>\n\t\t\t\t<div class=\"elementor-element elementor-element-5b937734 elementor-widget elementor-widget-wd_testimonials\" data-id=\"5b937734\" data-element_type=\"widget\" data-e-type=\"widget\" data-widget_type=\"wd_testimonials.default\">\n\t\t\t\t<div class=\"elementor-widget-container\">\n\t\t\t\t\t\t\t<div class=\"testimonials testimon-style-boxed  color-scheme- testimon-align-left\" id=\"carousel-7175\">\n\t\t\t\n\t\t\t<div class=\"wd-grid-g\" style=\"--wd-col-lg:2;--wd-col-md:2;--wd-col-sm:1;--wd-gap-lg:30px;--wd-gap-sm:10px;\" >\n\t\t\t\t\n\t\t\t\t\t\t\t\t\t\n<div class=\"testimonial wd-col\">\n\t<div class=\"testimonial-inner\">\n\t\t\n\t\t<div class=\"testimonial-content\">\n\t\t\t<div class=\"testimonial-rating\">\n\t\t\t\t<span class=\"star-rating\">\n\t\t\t\t\t<span style=\"width:100%\"><\/span>\n\t\t\t\t<\/span>\n\t\t\t<\/div>\n\n\t\t\t<p>\u017d\u00e1dn\u00e9 p\u0159ekvapen\u00ed po objedn\u00e1n\u00ed ani po p\u0159evzet\u00ed auta. Bylo velmi \u010dist\u00e9, prakticky jako nov\u00e9. \u0158idi\u010d dod\u00e1vky byl velmi p\u0159\u00e1telsk\u00fd. Vozidlo bylo doru\u010deno s denn\u00edm zpo\u017ed\u011bn\u00edm, ale byl jsem o tom informov\u00e1n. Auto m\u00e1m u\u017e t\u00fdden bez probl\u00e9m\u016f a m\u00e1m tak\u00e9 14 dn\u00ed na jeho vyzkou\u0161en\u00ed. Spokojenost zaru\u010dena, nebo v\u00e1m vr\u00e1t\u00edm pen\u00edze. Doporu\u010duji tento web!<\/p>\n\t\t\t<footer>\n\t\t\t\tJoel\n\t\t\t\t\t\t\t<\/footer>\n\t\t<\/div>\n\t<\/div>\n<\/div>\t\t\t\t\t\t\t\t\t\n<div class=\"testimonial wd-col\">\n\t<div class=\"testimonial-inner\">\n\t\t\n\t\t<div class=\"testimonial-content\">\n\t\t\t<div class=\"testimonial-rating\">\n\t\t\t\t<span class=\"star-rating\">\n\t\t\t\t\t<span style=\"width:100%\"><\/span>\n\t\t\t\t<\/span>\n\t\t\t<\/div>\n\n\t\t\t<p>Zpo\u010d\u00e1tku jsem m\u011bl z dovozu BMW z N\u011bmecka zna\u010dn\u00e9 obavy, ale s Premium Import bych se do toho bez v\u00e1h\u00e1n\u00ed znovu pustil. Komunikace b\u011bhem cel\u00e9ho procesu byla vynikaj\u00edc\u00ed. Cynthia byla velmi ochotn\u00e1, okam\u017eit\u011b si v\u016fz v N\u011bmecku rezervovala (model 340i GT xDrive Luxury byl velmi \u017e\u00e1dan\u00fd) a pot\u00e9 se postarala o ve\u0161kerou administrativn\u00ed z\u00e1le\u017eitost. D\u011bkuji tak\u00e9 Maximovi za jeho v\u0159el\u00e9 p\u0159ijet\u00ed a komplexn\u00ed podporu.<\/p>\n\t\t\t<footer>\n\t\t\t\tDa Silva\n\t\t\t\t\t\t\t<\/footer>\n\t\t<\/div>\n\t<\/div>\n<\/div>\t\t\t\t\t\t\t\t\t\n<div class=\"testimonial wd-col\">\n\t<div class=\"testimonial-inner\">\n\t\t\n\t\t<div class=\"testimonial-content\">\n\t\t\t<div class=\"testimonial-rating\">\n\t\t\t\t<span class=\"star-rating\">\n\t\t\t\t\t<span style=\"width:100%\"><\/span>\n\t\t\t\t<\/span>\n\t\t\t<\/div>\n\n\t\t\t<p>Perfektn\u00ed od za\u010d\u00e1tku do konce! M\u011bl jsem trochu obavy, proto\u017ee auto si nem\u016f\u017eete prohl\u00e9dnout osobn\u011b, ale to, kter\u00e9 jsem si objednal, dokonale spl\u0148ovalo m\u00e9 po\u017eadavky a dokonce je p\u0159ed\u010dilo! Dorazilo mi a\u017e ke dve\u0159\u00edm, jak bylo sl\u00edbeno, a v\u010das. V\u0161echny pap\u00edry byly p\u0159ipraven\u00e9 k podpisu. Poprodejn\u00ed servis je vynikaj\u00edc\u00ed, zejm\u00e9na Alain, kter\u00fd byl v\u017edy velmi vst\u0159\u00edcn\u00fd. V\u0159ele je doporu\u010duji a ur\u010dit\u011b je znovu vyu\u017eiji pro sv\u00e9 dal\u0161\u00ed vozidlo!<\/p>\n\t\t\t<footer>\n\t\t\t\tPhilips\n\t\t\t\t\t\t\t<\/footer>\n\t\t<\/div>\n\t<\/div>\n<\/div>\t\t\t\t\t\t\t\t\t\n<div class=\"testimonial wd-col\">\n\t<div class=\"testimonial-inner\">\n\t\t\n\t\t<div class=\"testimonial-content\">\n\t\t\t<div class=\"testimonial-rating\">\n\t\t\t\t<span class=\"star-rating\">\n\t\t\t\t\t<span style=\"width:100%\"><\/span>\n\t\t\t\t<\/span>\n\t\t\t<\/div>\n\n\t\t\t<p>Vozidlo bylo doru\u010deno dle popisu, \u010dist\u00e9 a se v\u0161emi dokumenty na m\u00e9 jm\u00e9no, p\u0159edem p\u0159ipraven\u00e9 a \u00fahledn\u011b zalo\u017een\u00e9. O cen\u011b sice nebyl prostor pro vyjedn\u00e1v\u00e1n\u00ed, ale na opl\u00e1tku byly slu\u017eby vynikaj\u00edc\u00ed, s jednoduch\u00fdm procesem n\u00e1kupu od za\u010d\u00e1tku do konce a doru\u010den\u00edm dom\u016f pozorn\u00fdm agentem, kter\u00fd si ud\u011blal \u010das na zodpov\u011bzen\u00ed v\u0161ech m\u00fdch ot\u00e1zek.<\/p>\n\t\t\t<footer>\n\t\t\t\tFirmin\n\t\t\t\t\t\t\t<\/footer>\n\t\t<\/div>\n\t<\/div>\n<\/div>\t\t\t\t\t\t\t\t\t\n<div class=\"testimonial wd-col\">\n\t<div class=\"testimonial-inner\">\n\t\t\n\t\t<div class=\"testimonial-content\">\n\t\t\t<div class=\"testimonial-rating\">\n\t\t\t\t<span class=\"star-rating\">\n\t\t\t\t\t<span style=\"width:100%\"><\/span>\n\t\t\t\t<\/span>\n\t\t\t<\/div>\n\n\t\t\t<p>Doporu\u010duji tyto webov\u00e9 str\u00e1nky pro n\u00e1kup auta. D\u00edky t\u00e9to spole\u010dnosti jsem si auto po\u0159\u00eddil pouze s akontac\u00ed a zbytek v m\u011bs\u00ed\u010dn\u00edch spl\u00e1tk\u00e1ch. Velmi dobr\u00e1 zku\u0161enost. \u017d\u00e1dn\u00e9 st\u00ed\u017enosti, \u010dist\u00e9 a jednoduch\u00e9. Auto bylo dod\u00e1no \u010dist\u00e9 a p\u0159esn\u011b tak, jak bylo pops\u00e1no a o\u010dek\u00e1v\u00e1no. Doporu\u010duji je.<\/p>\n\t\t\t<footer>\n\t\t\t\tHelena\n\t\t\t\t\t\t\t<\/footer>\n\t\t<\/div>\n\t<\/div>\n<\/div>\t\t\t\t\t\t\t\t\t\n<div class=\"testimonial wd-col\">\n\t<div class=\"testimonial-inner\">\n\t\t\n\t\t<div class=\"testimonial-content\">\n\t\t\t<div class=\"testimonial-rating\">\n\t\t\t\t<span class=\"star-rating\">\n\t\t\t\t\t<span style=\"width:100%\"><\/span>\n\t\t\t\t<\/span>\n\t\t\t<\/div>\n\n\t\t\t<p>Moje prvn\u00ed zku\u0161enost byla \u00fasp\u011b\u0161n\u00e1 a bez v\u00e1h\u00e1n\u00ed bych si od nich koupil dal\u0161\u00ed vozidlo. Doporu\u010duji je na 100 %. Dod\u00e1n\u00ed bylo prost\u011b fantastick\u00e9. V\u0159ele je doporu\u010duji. Ur\u010dit\u011b jejich slu\u017eeb znovu vyu\u017eiji.<\/p>\n\t\t\t<footer>\n\t\t\t\tRosie\n\t\t\t\t\t\t\t<\/footer>\n\t\t<\/div>\n\t<\/div>\n<\/div>\t\t\t\t\t\t\t\t\t\n<div class=\"testimonial wd-col\">\n\t<div class=\"testimonial-inner\">\n\t\t\n\t\t<div class=\"testimonial-content\">\n\t\t\t<div class=\"testimonial-rating\">\n\t\t\t\t<span class=\"star-rating\">\n\t\t\t\t\t<span style=\"width:100%\"><\/span>\n\t\t\t\t<\/span>\n\t\t\t<\/div>\n\n\t\t\t<p>D\u00edky v\u00e1m jsem si mohl koupit kr\u00e1snou 308. Auto bylo velmi rychle p\u0159ipraveno k prodeji. S poskytnut\u00fdmi slu\u017ebami jsem byl docela spokojen a tohoto prodejce doporu\u010duji.<\/p>\n\t\t\t<footer>\n\t\t\t\tJustin\n\t\t\t\t\t\t\t<\/footer>\n\t\t<\/div>\n\t<\/div>\n<\/div>\t\t\t\t\t\t\t\t\t\n<div class=\"testimonial wd-col\">\n\t<div class=\"testimonial-inner\">\n\t\t\n\t\t<div class=\"testimonial-content\">\n\t\t\t<div class=\"testimonial-rating\">\n\t\t\t\t<span class=\"star-rating\">\n\t\t\t\t\t<span style=\"width:100%\"><\/span>\n\t\t\t\t<\/span>\n\t\t\t<\/div>\n\n\t\t\t<p>Vynikaj\u00edc\u00ed slu\u017eby, jsem nad\u0161en\u00fd. V\u0161echno prob\u011bhlo podle pl\u00e1nu. V\u0159ele doporu\u010duji! Skv\u011bl\u00fd z\u00e1\u017eitek.<\/p>\n\t\t\t<footer>\n\t\t\t\tGaston\n\t\t\t\t\t\t\t<\/footer>\n\t\t<\/div>\n\t<\/div>\n<\/div>\t\t\t\t\t\t\t\t\t\n<div class=\"testimonial wd-col\">\n\t<div class=\"testimonial-inner\">\n\t\t\n\t\t<div class=\"testimonial-content\">\n\t\t\t<div class=\"testimonial-rating\">\n\t\t\t\t<span class=\"star-rating\">\n\t\t\t\t\t<span style=\"width:100%\"><\/span>\n\t\t\t\t<\/span>\n\t\t\t<\/div>\n\n\t\t\t<p>Auto je kr\u00e1sn\u00e9, jak jsem o\u010dek\u00e1val, a bylo mi doru\u010deno p\u0159\u00edmo ke dve\u0159\u00edm. Jedinou drobnou nev\u00fdhodou byla chyb\u011bj\u00edc\u00ed sada na opravu pneumatik a v\u0161echno ostatn\u00ed v kufru. Kv\u016fli t\u00e9to drobn\u00e9 nep\u0159\u00edjemnosti jsem se obr\u00e1til na velmi profesion\u00e1ln\u00edho poradce, kter\u00fd mi doporu\u010dil, abych si koupil n\u00e1hradn\u00ed d\u00edl od partnersk\u00e9ho dodavatele. V\u0159ele je doporu\u010duji.<\/p>\n\t\t\t<footer>\n\t\t\t\tFr\u00e9deric\n\t\t\t\t\t\t\t<\/footer>\n\t\t<\/div>\n\t<\/div>\n<\/div>\t\t\t\t\t\t\t\t\t\n<div class=\"testimonial wd-col\">\n\t<div class=\"testimonial-inner\">\n\t\t\n\t\t<div class=\"testimonial-content\">\n\t\t\t<div class=\"testimonial-rating\">\n\t\t\t\t<span class=\"star-rating\">\n\t\t\t\t\t<span style=\"width:100%\"><\/span>\n\t\t\t\t<\/span>\n\t\t\t<\/div>\n\n\t\t\t<p>Velmi v\u0159el\u00e9 p\u0159iv\u00edt\u00e1n\u00ed od p\u0159\u00e1telsk\u00e9ho a pozorn\u00e9ho \u010dlov\u011bka. V\u0161echno prob\u011bhlo telefonicky, p\u0159es SMS, WhatsApp a fotografie a vozidlo dokonale splnilo m\u00e1 o\u010dek\u00e1v\u00e1n\u00ed. Vozidlo bylo p\u0159i p\u0159evzet\u00ed velmi \u010dist\u00e9. D\u011bkuji J\u00e9r\u00f4me Dr\u00e9anovi za jeho profesionalitu a odbornost; v\u0159ele ho doporu\u010duji.<\/p>\n\t\t\t<footer>\n\t\t\t\tMise\n\t\t\t\t\t\t\t<\/footer>\n\t\t<\/div>\n\t<\/div>\n<\/div>\t\t\t\t\n\t\t\t\t\t\t\t<\/div>\n\t\t\t\t\t<\/div>\n\t\t\t\t\t\t<\/div>\n\t\t\t\t<\/div>\n\t\t\t\t\t<\/div>\n\t\t<\/div>\n\t\t\t\t\t<\/div>\n\t\t<\/section>\n\t\t\t\t<\/div>","protected":false},"excerpt":{"rendered":"<p>Avis de nos clients Aucune surprise apr\u00e8s la commende ni lors de la r\u00e9ception de la voiture. Celle-ci \u00e9tait tr\u00e8s<\/p>","protected":false},"author":1,"featured_media":0,"parent":0,"menu_order":0,"comment_status":"closed","ping_status":"closed","template":"","meta":{"footnotes":""},"class_list":["post-10524","page","type-page","status-publish","hentry"],"_links":{"self":[{"href":"https:\/\/ampassion-auto.com\/cs\/wp-json\/wp\/v2\/pages\/10524","targetHints":{"allow":["GET"]}}],"collection":[{"href":"https:\/\/ampassion-auto.com\/cs\/wp-json\/wp\/v2\/pages"}],"about":[{"href":"https:\/\/ampassion-auto.com\/cs\/wp-json\/wp\/v2\/types\/page"}],"author":[{"embeddable":true,"href":"https:\/\/ampassion-auto.com\/cs\/wp-json\/wp\/v2\/users\/1"}],"replies":[{"embeddable":true,"href":"https:\/\/ampassion-auto.com\/cs\/wp-json\/wp\/v2\/comments?post=10524"}],"version-history":[{"count":16,"href":"https:\/\/ampassion-auto.com\/cs\/wp-json\/wp\/v2\/pages\/10524\/revisions"}],"predecessor-version":[{"id":16040,"href":"https:\/\/ampassion-auto.com\/cs\/wp-json\/wp\/v2\/pages\/10524\/revisions\/16040"}],"wp:attachment":[{"href":"https:\/\/ampassion-auto.com\/cs\/wp-json\/wp\/v2\/media?parent=10524"}],"curies":[{"name":"wp","href":"https:\/\/api.w.org\/{rel}","templated":true}]}}