{"id":10524,"date":"2021-11-16T12:29:16","date_gmt":"2021-11-16T12:29:16","guid":{"rendered":"http:\/\/dummy.xtemos.com\/woodmart2\/elementor\/?page_id=10524"},"modified":"2026-04-02T11:20:17","modified_gmt":"2026-04-02T11:20:17","slug":"avis","status":"publish","type":"page","link":"https:\/\/ampassion-auto.com\/el\/avis\/","title":{"rendered":"\u039a\u03c1\u03b9\u03c4\u03b9\u03ba\u03ad\u03c2 \u03c0\u03b5\u03bb\u03b1\u03c4\u03ce\u03bd"},"content":{"rendered":"<div data-elementor-type=\"wp-page\" data-elementor-id=\"10524\" class=\"elementor elementor-10524\" data-elementor-post-type=\"page\">\n\t\t\t\t\t\t<section class=\"wd-negative-gap elementor-section elementor-top-section elementor-element elementor-element-2fe476be wd-section-stretch elementor-section-boxed elementor-section-height-default elementor-section-height-default\" data-id=\"2fe476be\" data-element_type=\"section\" data-e-type=\"section\" data-settings=\"{&quot;background_background&quot;:&quot;classic&quot;}\">\n\t\t\t\t\t\t<div class=\"elementor-container elementor-column-gap-default\">\n\t\t\t\t\t<div class=\"elementor-column elementor-col-100 elementor-top-column elementor-element elementor-element-388a99f0\" data-id=\"388a99f0\" data-element_type=\"column\" data-e-type=\"column\">\n\t\t\t<div class=\"elementor-widget-wrap elementor-element-populated\">\n\t\t\t\t\t\t<div class=\"elementor-element elementor-element-9469439 wd-width-100 elementor-widget elementor-widget-wd_title\" data-id=\"9469439\" data-element_type=\"widget\" data-e-type=\"widget\" data-widget_type=\"wd_title.default\">\n\t\t\t\t<div class=\"elementor-widget-container\">\n\t\t\t\t\t\t\t<div class=\"title-wrapper wd-set-mb reset-last-child wd-title-color-primary wd-title-style-bordered wd-title-size-default text-center\">\n\n\t\t\t\n\t\t\t<div class=\"liner-continer\">\n\t\t\t\t<h4 class=\"woodmart-title-container title wd-fontsize-l\">\u039a\u03c1\u03b9\u03c4\u03b9\u03ba\u03ad\u03c2 \u03c0\u03b5\u03bb\u03b1\u03c4\u03ce\u03bd<\/h4> \n\t\t\t\t\t\t\t<\/div>\n\n\t\t\t\t\t<\/div>\n\t\t\t\t\t\t<\/div>\n\t\t\t\t<\/div>\n\t\t\t\t<div class=\"elementor-element elementor-element-5b937734 elementor-widget elementor-widget-wd_testimonials\" data-id=\"5b937734\" data-element_type=\"widget\" data-e-type=\"widget\" data-widget_type=\"wd_testimonials.default\">\n\t\t\t\t<div class=\"elementor-widget-container\">\n\t\t\t\t\t\t\t<div class=\"testimonials testimon-style-boxed  color-scheme- testimon-align-left\" id=\"carousel-3889\">\n\t\t\t\n\t\t\t<div class=\"wd-grid-g\" style=\"--wd-col-lg:2;--wd-col-md:2;--wd-col-sm:1;--wd-gap-lg:30px;--wd-gap-sm:10px;\" >\n\t\t\t\t\n\t\t\t\t\t\t\t\t\t\n<div class=\"testimonial wd-col\">\n\t<div class=\"testimonial-inner\">\n\t\t\n\t\t<div class=\"testimonial-content\">\n\t\t\t<div class=\"testimonial-rating\">\n\t\t\t\t<span class=\"star-rating\">\n\t\t\t\t\t<span style=\"width:100%\"><\/span>\n\t\t\t\t<\/span>\n\t\t\t<\/div>\n\n\t\t\t<p>\u039a\u03b1\u03bc\u03af\u03b1 \u03ad\u03ba\u03c0\u03bb\u03b7\u03be\u03b7 \u03bc\u03b5\u03c4\u03ac \u03c4\u03b7\u03bd \u03c0\u03b1\u03c1\u03b1\u03b3\u03b3\u03b5\u03bb\u03af\u03b1 \u03ae \u03ba\u03b1\u03c4\u03ac \u03c4\u03b7\u03bd \u03c0\u03b1\u03c1\u03b1\u03bb\u03b1\u03b2\u03ae \u03c4\u03bf\u03c5 \u03b1\u03c5\u03c4\u03bf\u03ba\u03b9\u03bd\u03ae\u03c4\u03bf\u03c5. \u0389\u03c4\u03b1\u03bd \u03c0\u03bf\u03bb\u03cd \u03ba\u03b1\u03b8\u03b1\u03c1\u03cc, \u03c3\u03c7\u03b5\u03b4\u03cc\u03bd \u03bf\u03bb\u03bf\u03ba\u03b1\u03af\u03bd\u03bf\u03c5\u03c1\u03b3\u03b9\u03bf. \u039f \u03bf\u03b4\u03b7\u03b3\u03cc\u03c2 \u03c0\u03b1\u03c1\u03ac\u03b4\u03bf\u03c3\u03b7\u03c2 \u03ae\u03c4\u03b1\u03bd \u03c0\u03bf\u03bb\u03cd \u03c6\u03b9\u03bb\u03b9\u03ba\u03cc\u03c2. \u03a4\u03bf \u03cc\u03c7\u03b7\u03bc\u03b1 \u03c0\u03b1\u03c1\u03b1\u03b4\u03cc\u03b8\u03b7\u03ba\u03b5 \u03bc\u03b5 \u03bc\u03af\u03b1 \u03b7\u03bc\u03ad\u03c1\u03b1 \u03ba\u03b1\u03b8\u03c5\u03c3\u03c4\u03ad\u03c1\u03b7\u03c3\u03b7, \u03b1\u03bb\u03bb\u03ac \u03b5\u03b9\u03b4\u03bf\u03c0\u03bf\u03b9\u03ae\u03b8\u03b7\u03ba\u03b1. \u0388\u03c7\u03c9 \u03c4\u03bf \u03b1\u03c5\u03c4\u03bf\u03ba\u03af\u03bd\u03b7\u03c4\u03bf \u03b5\u03b4\u03ce \u03ba\u03b1\u03b9 \u03bc\u03b9\u03b1 \u03b5\u03b2\u03b4\u03bf\u03bc\u03ac\u03b4\u03b1 \u03c7\u03c9\u03c1\u03af\u03c2 \u03c0\u03c1\u03bf\u03b2\u03bb\u03ae\u03bc\u03b1\u03c4\u03b1 \u03ba\u03b1\u03b9 \u03ad\u03c7\u03c9 \u03b5\u03c0\u03af\u03c3\u03b7\u03c2 14 \u03b7\u03bc\u03ad\u03c1\u03b5\u03c2 \u03b3\u03b9\u03b1 \u03bd\u03b1 \u03c4\u03bf \u03b4\u03bf\u03ba\u03b9\u03bc\u03ac\u03c3\u03c9. \u0395\u03b3\u03b3\u03c5\u03b7\u03bc\u03ad\u03bd\u03b7 \u03b9\u03ba\u03b1\u03bd\u03bf\u03c0\u03bf\u03af\u03b7\u03c3\u03b7 \u03ae \u03b5\u03c0\u03b9\u03c3\u03c4\u03c1\u03bf\u03c6\u03ae \u03c7\u03c1\u03b7\u03bc\u03ac\u03c4\u03c9\u03bd. \u03a3\u03b1\u03c2 \u03c0\u03c1\u03bf\u03c4\u03b5\u03af\u03bd\u03c9 \u03b1\u03c5\u03c4\u03cc\u03bd \u03c4\u03bf\u03bd \u03b9\u03c3\u03c4\u03cc\u03c4\u03bf\u03c0\u03bf!<\/p>\n\t\t\t<footer>\n\t\t\t\t\u03a4\u03b6\u03cc\u03b5\u03bb\n\t\t\t\t\t\t\t<\/footer>\n\t\t<\/div>\n\t<\/div>\n<\/div>\t\t\t\t\t\t\t\t\t\n<div class=\"testimonial wd-col\">\n\t<div class=\"testimonial-inner\">\n\t\t\n\t\t<div class=\"testimonial-content\">\n\t\t\t<div class=\"testimonial-rating\">\n\t\t\t\t<span class=\"star-rating\">\n\t\t\t\t\t<span style=\"width:100%\"><\/span>\n\t\t\t\t<\/span>\n\t\t\t<\/div>\n\n\t\t\t<p>\u0391\u03c1\u03c7\u03b9\u03ba\u03ac, \u03b1\u03c1\u03ba\u03b5\u03c4\u03ac \u03b4\u03b9\u03c3\u03c4\u03b1\u03ba\u03c4\u03b9\u03ba\u03cc\u03c2 \u03c3\u03c7\u03b5\u03c4\u03b9\u03ba\u03ac \u03bc\u03b5 \u03c4\u03b7\u03bd \u03b5\u03b9\u03c3\u03b1\u03b3\u03c9\u03b3\u03ae \u03bc\u03b9\u03b1\u03c2 BMW \u03b1\u03c0\u03cc \u03c4\u03b7 \u0393\u03b5\u03c1\u03bc\u03b1\u03bd\u03af\u03b1, \u03b8\u03b1 \u03ad\u03ba\u03b1\u03bd\u03b1 \u03be\u03b1\u03bd\u03ac \u03c4\u03bf \u03b2\u03ae\u03bc\u03b1 \u03c7\u03c9\u03c1\u03af\u03c2 \u03b4\u03b9\u03c3\u03c4\u03b1\u03b3\u03bc\u03cc \u03bc\u03b5 \u03c4\u03b7\u03bd Premium Import. \u0397 \u03b5\u03c0\u03b9\u03ba\u03bf\u03b9\u03bd\u03c9\u03bd\u03af\u03b1 \u03c3\u03b5 \u03cc\u03bb\u03b7 \u03c4\u03b7 \u03b4\u03b9\u03b1\u03b4\u03b9\u03ba\u03b1\u03c3\u03af\u03b1 \u03ae\u03c4\u03b1\u03bd \u03b5\u03be\u03b1\u03b9\u03c1\u03b5\u03c4\u03b9\u03ba\u03ae. \u0397 Cynthia \u03ae\u03c4\u03b1\u03bd \u03c0\u03bf\u03bb\u03cd \u03b3\u03c1\u03ae\u03b3\u03bf\u03c1\u03b7 \u03c3\u03c4\u03b7\u03bd \u03ac\u03bc\u03b5\u03c3\u03b7 \u03ba\u03c1\u03ac\u03c4\u03b7\u03c3\u03b7 \u03c4\u03bf\u03c5 \u03bf\u03c7\u03ae\u03bc\u03b1\u03c4\u03bf\u03c2 \u03c3\u03c4\u03b7 \u0393\u03b5\u03c1\u03bc\u03b1\u03bd\u03af\u03b1 (\u03c4\u03bf \u03bc\u03bf\u03bd\u03c4\u03ad\u03bb\u03bf 340i GT xDrive Luxury \u03ae\u03c4\u03b1\u03bd \u03b9\u03b4\u03b9\u03b1\u03af\u03c4\u03b5\u03c1\u03b1 \u03c0\u03b5\u03c1\u03b9\u03b6\u03ae\u03c4\u03b7\u03c4\u03bf) \u03ba\u03b1\u03b9 \u03c3\u03c4\u03b7 \u03c3\u03c5\u03bd\u03ad\u03c7\u03b5\u03b9\u03b1 \u03c7\u03b5\u03b9\u03c1\u03af\u03c3\u03c4\u03b7\u03ba\u03b5 \u03cc\u03bb\u03b5\u03c2 \u03c4\u03b9\u03c2 \u03b4\u03b9\u03bf\u03b9\u03ba\u03b7\u03c4\u03b9\u03ba\u03ad\u03c2 \u03b4\u03b9\u03b1\u03b4\u03b9\u03ba\u03b1\u03c3\u03af\u03b5\u03c2. \u0395\u03c5\u03c7\u03b1\u03c1\u03b9\u03c3\u03c4\u03ce \u03b5\u03c0\u03af\u03c3\u03b7\u03c2 \u03c4\u03bf\u03bd Maxime \u03b3\u03b9\u03b1 \u03c4\u03b7\u03bd \u03b8\u03b5\u03c1\u03bc\u03ae \u03c5\u03c0\u03bf\u03b4\u03bf\u03c7\u03ae \u03ba\u03b1\u03b9 \u03c4\u03b7\u03bd \u03bf\u03bb\u03bf\u03ba\u03bb\u03b7\u03c1\u03c9\u03bc\u03ad\u03bd\u03b7 \u03c5\u03c0\u03bf\u03c3\u03c4\u03ae\u03c1\u03b9\u03be\u03ae \u03c4\u03bf\u03c5.<\/p>\n\t\t\t<footer>\n\t\t\t\t\u039d\u03c4\u03b1 \u03a3\u03af\u03bb\u03b2\u03b1\n\t\t\t\t\t\t\t<\/footer>\n\t\t<\/div>\n\t<\/div>\n<\/div>\t\t\t\t\t\t\t\t\t\n<div class=\"testimonial wd-col\">\n\t<div class=\"testimonial-inner\">\n\t\t\n\t\t<div class=\"testimonial-content\">\n\t\t\t<div class=\"testimonial-rating\">\n\t\t\t\t<span class=\"star-rating\">\n\t\t\t\t\t<span style=\"width:100%\"><\/span>\n\t\t\t\t<\/span>\n\t\t\t<\/div>\n\n\t\t\t<p>\u03a4\u03ad\u03bb\u03b5\u03b9\u03bf \u03b1\u03c0\u03cc \u03c4\u03b7\u03bd \u03b1\u03c1\u03c7\u03ae \u03bc\u03ad\u03c7\u03c1\u03b9 \u03c4\u03bf \u03c4\u03ad\u03bb\u03bf\u03c2! \u0389\u03bc\u03bf\u03c5\u03bd \u03bb\u03af\u03b3\u03bf \u03b1\u03bd\u03ae\u03c3\u03c5\u03c7\u03bf\u03c2 \u03b5\u03c0\u03b5\u03b9\u03b4\u03ae \u03b4\u03b5\u03bd \u03bc\u03c0\u03bf\u03c1\u03b5\u03af\u03c2 \u03bd\u03b1 \u03b4\u03b5\u03b9\u03c2 \u03c4\u03bf \u03b1\u03c5\u03c4\u03bf\u03ba\u03af\u03bd\u03b7\u03c4\u03bf \u03b1\u03c0\u03cc \u03ba\u03bf\u03bd\u03c4\u03ac, \u03b1\u03bb\u03bb\u03ac \u03b1\u03c5\u03c4\u03cc \u03c0\u03bf\u03c5 \u03c0\u03b1\u03c1\u03ae\u03b3\u03b3\u03b5\u03b9\u03bb\u03b1 \u03c4\u03b1\u03af\u03c1\u03b9\u03b1\u03b6\u03b5 \u03b1\u03c0\u03cc\u03bb\u03c5\u03c4\u03b1 \u03c3\u03c4\u03b9\u03c2 \u03b1\u03c0\u03b1\u03b9\u03c4\u03ae\u03c3\u03b5\u03b9\u03c2 \u03bc\u03bf\u03c5 \u03ba\u03b1\u03b9 \u03bc\u03ac\u03bb\u03b9\u03c3\u03c4\u03b1 \u03c4\u03b9\u03c2 \u03be\u03b5\u03c0\u03ad\u03c1\u03b1\u03c3\u03b5! \u03a0\u03b1\u03c1\u03b1\u03b4\u03cc\u03b8\u03b7\u03ba\u03b5 \u03c3\u03c4\u03b7\u03bd \u03c0\u03cc\u03c1\u03c4\u03b1 \u03bc\u03bf\u03c5 \u03cc\u03c0\u03c9\u03c2 \u03b5\u03af\u03c7\u03b1 \u03c5\u03c0\u03bf\u03c3\u03c7\u03b5\u03b8\u03b5\u03af \u03ba\u03b1\u03b9 \u03c3\u03c4\u03b7\u03bd \u03ce\u03c1\u03b1 \u03c4\u03bf\u03c5. \u038c\u03bb\u03b1 \u03c4\u03b1 \u03ad\u03b3\u03b3\u03c1\u03b1\u03c6\u03b1 \u03ae\u03c4\u03b1\u03bd \u03ad\u03c4\u03bf\u03b9\u03bc\u03b1 \u03b3\u03b9\u03b1 \u03bd\u03b1 \u03c4\u03b1 \u03c5\u03c0\u03bf\u03b3\u03c1\u03ac\u03c8\u03c9. \u0397 \u03b5\u03be\u03c5\u03c0\u03b7\u03c1\u03ad\u03c4\u03b7\u03c3\u03b7 \u03bc\u03b5\u03c4\u03ac \u03c4\u03b7\u03bd \u03c0\u03ce\u03bb\u03b7\u03c3\u03b7 \u03b5\u03af\u03bd\u03b1\u03b9 \u03b5\u03be\u03b1\u03b9\u03c1\u03b5\u03c4\u03b9\u03ba\u03ae, \u03b5\u03b9\u03b4\u03b9\u03ba\u03ac \u03bc\u03b5 \u03c4\u03bf\u03bd Alain, \u03bf \u03bf\u03c0\u03bf\u03af\u03bf\u03c2 \u03ae\u03c4\u03b1\u03bd \u03c0\u03ac\u03bd\u03c4\u03b1 \u03c0\u03bf\u03bb\u03cd \u03b3\u03c1\u03ae\u03b3\u03bf\u03c1\u03bf\u03c2 \u03c3\u03c4\u03b7\u03bd \u03b1\u03bd\u03c4\u03b1\u03c0\u03cc\u03ba\u03c1\u03b9\u03c3\u03b7. \u03a4\u03bf\u03c5\u03c2 \u03c3\u03c5\u03c3\u03c4\u03ae\u03bd\u03c9 \u03b1\u03bd\u03b5\u03c0\u03b9\u03c6\u03cd\u03bb\u03b1\u03ba\u03c4\u03b1 \u03ba\u03b1\u03b9 \u03c3\u03af\u03b3\u03bf\u03c5\u03c1\u03b1 \u03b8\u03b1 \u03c4\u03bf\u03c5\u03c2 \u03c7\u03c1\u03b7\u03c3\u03b9\u03bc\u03bf\u03c0\u03bf\u03b9\u03ae\u03c3\u03c9 \u03be\u03b1\u03bd\u03ac \u03b3\u03b9\u03b1 \u03c4\u03bf \u03b5\u03c0\u03cc\u03bc\u03b5\u03bd\u03bf \u03cc\u03c7\u03b7\u03bc\u03ac \u03bc\u03bf\u03c5!<\/p>\n\t\t\t<footer>\n\t\t\t\t\u03a6\u03af\u03bb\u03b9\u03c0\u03c2\n\t\t\t\t\t\t\t<\/footer>\n\t\t<\/div>\n\t<\/div>\n<\/div>\t\t\t\t\t\t\t\t\t\n<div class=\"testimonial wd-col\">\n\t<div class=\"testimonial-inner\">\n\t\t\n\t\t<div class=\"testimonial-content\">\n\t\t\t<div class=\"testimonial-rating\">\n\t\t\t\t<span class=\"star-rating\">\n\t\t\t\t\t<span style=\"width:100%\"><\/span>\n\t\t\t\t<\/span>\n\t\t\t<\/div>\n\n\t\t\t<p>\u03a4\u03bf \u03cc\u03c7\u03b7\u03bc\u03b1 \u03c0\u03b1\u03c1\u03b1\u03b4\u03cc\u03b8\u03b7\u03ba\u03b5 \u03cc\u03c0\u03c9\u03c2 \u03c0\u03b5\u03c1\u03b9\u03b3\u03c1\u03ac\u03c6\u03b7\u03ba\u03b5, \u03ba\u03b1\u03b8\u03b1\u03c1\u03cc \u03ba\u03b1\u03b9 \u03bc\u03b5 \u03cc\u03bb\u03b1 \u03c4\u03b1 \u03ad\u03b3\u03b3\u03c1\u03b1\u03c6\u03b1 \u03c3\u03c4\u03bf \u03cc\u03bd\u03bf\u03bc\u03ac \u03bc\u03bf\u03c5, \u03c0\u03c1\u03bf\u03b5\u03c4\u03bf\u03b9\u03bc\u03b1\u03c3\u03bc\u03ad\u03bd\u03b1 \u03b5\u03ba \u03c4\u03c9\u03bd \u03c0\u03c1\u03bf\u03c4\u03ad\u03c1\u03c9\u03bd \u03ba\u03b1\u03b9 \u03c4\u03b1\u03ba\u03c4\u03bf\u03c0\u03bf\u03b9\u03b7\u03bc\u03ad\u03bd\u03b1. \u03a9\u03c3\u03c4\u03cc\u03c3\u03bf, \u03b4\u03b5\u03bd \u03c5\u03c0\u03ae\u03c1\u03c7\u03b5 \u03c0\u03b5\u03c1\u03b9\u03b8\u03ce\u03c1\u03b9\u03bf \u03b4\u03b9\u03b1\u03c0\u03c1\u03b1\u03b3\u03bc\u03ac\u03c4\u03b5\u03c5\u03c3\u03b7\u03c2 \u03b3\u03b9\u03b1 \u03c4\u03b7\u03bd \u03c4\u03b9\u03bc\u03ae, \u03b1\u03bb\u03bb\u03ac \u03c3\u03b5 \u03b1\u03bd\u03c4\u03ac\u03bb\u03bb\u03b1\u03b3\u03bc\u03b1, \u03b7 \u03b5\u03be\u03c5\u03c0\u03b7\u03c1\u03ad\u03c4\u03b7\u03c3\u03b7 \u03ae\u03c4\u03b1\u03bd \u03b5\u03be\u03b1\u03b9\u03c1\u03b5\u03c4\u03b9\u03ba\u03ae, \u03bc\u03b5 \u03b5\u03cd\u03ba\u03bf\u03bb\u03b7 \u03b4\u03b9\u03b1\u03b4\u03b9\u03ba\u03b1\u03c3\u03af\u03b1 \u03b1\u03b3\u03bf\u03c1\u03ac\u03c2 \u03b1\u03c0\u03cc \u03c4\u03b7\u03bd \u03b1\u03c1\u03c7\u03ae \u03bc\u03ad\u03c7\u03c1\u03b9 \u03c4\u03bf \u03c4\u03ad\u03bb\u03bf\u03c2 \u03ba\u03b1\u03b9 \u03c0\u03b1\u03c1\u03ac\u03b4\u03bf\u03c3\u03b7 \u03ba\u03b1\u03c4' \u03bf\u03af\u03ba\u03bf\u03bd \u03b1\u03c0\u03cc \u03ad\u03bd\u03b1\u03bd \u03c0\u03c1\u03bf\u03c3\u03b5\u03ba\u03c4\u03b9\u03ba\u03cc \u03b5\u03ba\u03c0\u03c1\u03cc\u03c3\u03c9\u03c0\u03bf \u03c0\u03bf\u03c5 \u03b1\u03c6\u03b9\u03ad\u03c1\u03c9\u03c3\u03b5 \u03c7\u03c1\u03cc\u03bd\u03bf \u03b3\u03b9\u03b1 \u03bd\u03b1 \u03b1\u03c0\u03b1\u03bd\u03c4\u03ae\u03c3\u03b5\u03b9 \u03c3\u03b5 \u03cc\u03bb\u03b5\u03c2 \u03bc\u03bf\u03c5 \u03c4\u03b9\u03c2 \u03b5\u03c1\u03c9\u03c4\u03ae\u03c3\u03b5\u03b9\u03c2.<\/p>\n\t\t\t<footer>\n\t\t\t\t\u03a6\u03af\u03c1\u03bc\u03b9\u03bd\n\t\t\t\t\t\t\t<\/footer>\n\t\t<\/div>\n\t<\/div>\n<\/div>\t\t\t\t\t\t\t\t\t\n<div class=\"testimonial wd-col\">\n\t<div class=\"testimonial-inner\">\n\t\t\n\t\t<div class=\"testimonial-content\">\n\t\t\t<div class=\"testimonial-rating\">\n\t\t\t\t<span class=\"star-rating\">\n\t\t\t\t\t<span style=\"width:100%\"><\/span>\n\t\t\t\t<\/span>\n\t\t\t<\/div>\n\n\t\t\t<p>\u03a3\u03b1\u03c2 \u03c0\u03c1\u03bf\u03c4\u03b5\u03af\u03bd\u03c9 \u03b1\u03c5\u03c4\u03cc\u03bd \u03c4\u03bf\u03bd \u03b9\u03c3\u03c4\u03cc\u03c4\u03bf\u03c0\u03bf \u03b3\u03b9\u03b1 \u03c4\u03b9\u03c2 \u03b1\u03b3\u03bf\u03c1\u03ad\u03c2 \u03b1\u03c5\u03c4\u03bf\u03ba\u03b9\u03bd\u03ae\u03c4\u03c9\u03bd \u03c3\u03b1\u03c2. \u03a7\u03ac\u03c1\u03b7 \u03c3\u03b5 \u03b1\u03c5\u03c4\u03ae\u03bd \u03c4\u03b7\u03bd \u03b5\u03c4\u03b1\u03b9\u03c1\u03b5\u03af\u03b1, \u03b1\u03c0\u03ad\u03ba\u03c4\u03b7\u03c3\u03b1 \u03c4\u03bf \u03b1\u03c5\u03c4\u03bf\u03ba\u03af\u03bd\u03b7\u03c4\u03cc \u03bc\u03bf\u03c5 \u03bc\u03cc\u03bd\u03bf \u03bc\u03b5 \u03bc\u03b9\u03b1 \u03c0\u03c1\u03bf\u03ba\u03b1\u03c4\u03b1\u03b2\u03bf\u03bb\u03ae \u03ba\u03b1\u03b9 \u03c4\u03b1 \u03c5\u03c0\u03cc\u03bb\u03bf\u03b9\u03c0\u03b1 \u03c3\u03b5 \u03bc\u03b7\u03bd\u03b9\u03b1\u03af\u03b5\u03c2 \u03b4\u03cc\u03c3\u03b5\u03b9\u03c2. \u039c\u03b9\u03b1 \u03c0\u03bf\u03bb\u03cd \u03ba\u03b1\u03bb\u03ae \u03b5\u03bc\u03c0\u03b5\u03b9\u03c1\u03af\u03b1. \u039a\u03b1\u03bd\u03ad\u03bd\u03b1 \u03c0\u03b1\u03c1\u03ac\u03c0\u03bf\u03bd\u03bf, \u03c3\u03b1\u03c6\u03ae\u03c2 \u03ba\u03b1\u03b9 \u03b1\u03c0\u03bb\u03ae. \u03a4\u03bf \u03b1\u03c5\u03c4\u03bf\u03ba\u03af\u03bd\u03b7\u03c4\u03bf \u03c0\u03b1\u03c1\u03b1\u03b4\u03cc\u03b8\u03b7\u03ba\u03b5 \u03ba\u03b1\u03b8\u03b1\u03c1\u03cc \u03ba\u03b1\u03b9 \u03b1\u03ba\u03c1\u03b9\u03b2\u03ce\u03c2 \u03cc\u03c0\u03c9\u03c2 \u03c0\u03b5\u03c1\u03b9\u03b3\u03c1\u03ac\u03c6\u03b5\u03c4\u03b1\u03b9 \u03ba\u03b1\u03b9 \u03b1\u03bd\u03b1\u03bc\u03b5\u03bd\u03cc\u03c4\u03b1\u03bd. \u03a4\u03bf\u03c5\u03c2 \u03c3\u03c5\u03c3\u03c4\u03ae\u03bd\u03c9.<\/p>\n\t\t\t<footer>\n\t\t\t\t\u0395\u03bb\u03ad\u03bd\u03b7\n\t\t\t\t\t\t\t<\/footer>\n\t\t<\/div>\n\t<\/div>\n<\/div>\t\t\t\t\t\t\t\t\t\n<div class=\"testimonial wd-col\">\n\t<div class=\"testimonial-inner\">\n\t\t\n\t\t<div class=\"testimonial-content\">\n\t\t\t<div class=\"testimonial-rating\">\n\t\t\t\t<span class=\"star-rating\">\n\t\t\t\t\t<span style=\"width:100%\"><\/span>\n\t\t\t\t<\/span>\n\t\t\t<\/div>\n\n\t\t\t<p>\u0397 \u03c0\u03c1\u03ce\u03c4\u03b7 \u03bc\u03bf\u03c5 \u03b5\u03bc\u03c0\u03b5\u03b9\u03c1\u03af\u03b1 \u03ae\u03c4\u03b1\u03bd \u03b5\u03c0\u03b9\u03c4\u03c5\u03c7\u03b7\u03bc\u03ad\u03bd\u03b7 \u03ba\u03b1\u03b9 \u03b4\u03b5\u03bd \u03b8\u03b1 \u03b4\u03af\u03c3\u03c4\u03b1\u03b6\u03b1 \u03bd\u03b1 \u03b1\u03b3\u03bf\u03c1\u03ac\u03c3\u03c9 \u03ad\u03bd\u03b1 \u03b1\u03ba\u03cc\u03bc\u03b7 \u03cc\u03c7\u03b7\u03bc\u03b1 \u03b1\u03c0\u03cc \u03b1\u03c5\u03c4\u03bf\u03cd\u03c2. \u03a4\u03bf\u03c5\u03c2 \u03c3\u03c5\u03c3\u03c4\u03ae\u03bd\u03c9 100%. \u0397 \u03c0\u03b1\u03c1\u03ac\u03b4\u03bf\u03c3\u03b7 \u03ae\u03c4\u03b1\u03bd \u03b1\u03c0\u03bb\u03ac \u03c6\u03b1\u03bd\u03c4\u03b1\u03c3\u03c4\u03b9\u03ba\u03ae. \u03a4\u03bf\u03c5\u03c2 \u03c3\u03c5\u03c3\u03c4\u03ae\u03bd\u03c9 \u03b1\u03bd\u03b5\u03c0\u03b9\u03c6\u03cd\u03bb\u03b1\u03ba\u03c4\u03b1. \u03a3\u03af\u03b3\u03bf\u03c5\u03c1\u03b1 \u03b8\u03b1 \u03c4\u03bf\u03c5\u03c2 \u03c7\u03c1\u03b7\u03c3\u03b9\u03bc\u03bf\u03c0\u03bf\u03b9\u03ae\u03c3\u03c9 \u03be\u03b1\u03bd\u03ac.<\/p>\n\t\t\t<footer>\n\t\t\t\t\u03a1\u03cc\u03b6\u03b9\n\t\t\t\t\t\t\t<\/footer>\n\t\t<\/div>\n\t<\/div>\n<\/div>\t\t\t\t\t\t\t\t\t\n<div class=\"testimonial wd-col\">\n\t<div class=\"testimonial-inner\">\n\t\t\n\t\t<div class=\"testimonial-content\">\n\t\t\t<div class=\"testimonial-rating\">\n\t\t\t\t<span class=\"star-rating\">\n\t\t\t\t\t<span style=\"width:100%\"><\/span>\n\t\t\t\t<\/span>\n\t\t\t<\/div>\n\n\t\t\t<p>\u03a7\u03ac\u03c1\u03b7 \u03c3\u03b5 \u03b5\u03c3\u03ac\u03c2, \u03bc\u03c0\u03cc\u03c1\u03b5\u03c3\u03b1 \u03bd\u03b1 \u03b1\u03b3\u03bf\u03c1\u03ac\u03c3\u03c9 \u03ad\u03bd\u03b1 \u03cc\u03bc\u03bf\u03c1\u03c6\u03bf 308. \u03a4\u03bf \u03b1\u03c5\u03c4\u03bf\u03ba\u03af\u03bd\u03b7\u03c4\u03bf \u03b5\u03c4\u03bf\u03b9\u03bc\u03ac\u03c3\u03c4\u03b7\u03ba\u03b5 \u03c0\u03c1\u03bf\u03c2 \u03c0\u03ce\u03bb\u03b7\u03c3\u03b7 \u03c0\u03bf\u03bb\u03cd \u03b3\u03c1\u03ae\u03b3\u03bf\u03c1\u03b1. \u0389\u03bc\u03bf\u03c5\u03bd \u03b1\u03c1\u03ba\u03b5\u03c4\u03ac \u03b9\u03ba\u03b1\u03bd\u03bf\u03c0\u03bf\u03b9\u03b7\u03bc\u03ad\u03bd\u03bf\u03c2 \u03bc\u03b5 \u03c4\u03b7\u03bd \u03b5\u03be\u03c5\u03c0\u03b7\u03c1\u03ad\u03c4\u03b7\u03c3\u03b7 \u03ba\u03b1\u03b9 \u03c3\u03c5\u03c3\u03c4\u03ae\u03bd\u03c9 \u03b1\u03c5\u03c4\u03cc\u03bd \u03c4\u03bf\u03bd \u03c0\u03c9\u03bb\u03b7\u03c4\u03ae.<\/p>\n\t\t\t<footer>\n\t\t\t\t\u03a4\u03b6\u03ac\u03c3\u03c4\u03b9\u03bd\n\t\t\t\t\t\t\t<\/footer>\n\t\t<\/div>\n\t<\/div>\n<\/div>\t\t\t\t\t\t\t\t\t\n<div class=\"testimonial wd-col\">\n\t<div class=\"testimonial-inner\">\n\t\t\n\t\t<div class=\"testimonial-content\">\n\t\t\t<div class=\"testimonial-rating\">\n\t\t\t\t<span class=\"star-rating\">\n\t\t\t\t\t<span style=\"width:100%\"><\/span>\n\t\t\t\t<\/span>\n\t\t\t<\/div>\n\n\t\t\t<p>\u0395\u03be\u03b1\u03b9\u03c1\u03b5\u03c4\u03b9\u03ba\u03ae \u03b5\u03be\u03c5\u03c0\u03b7\u03c1\u03ad\u03c4\u03b7\u03c3\u03b7, \u03b5\u03af\u03bc\u03b1\u03b9 \u03b5\u03bd\u03b8\u03bf\u03c5\u03c3\u03b9\u03b1\u03c3\u03bc\u03ad\u03bd\u03bf\u03c2. \u038c\u03bb\u03b1 \u03c0\u03ae\u03b3\u03b1\u03bd \u03cc\u03c0\u03c9\u03c2 \u03c4\u03b1 \u03b5\u03af\u03c7\u03b1\u03bc\u03b5 \u03c3\u03c7\u03b5\u03b4\u03b9\u03ac\u03c3\u03b5\u03b9. \u03a4\u03bf \u03c3\u03c5\u03bd\u03b9\u03c3\u03c4\u03ce \u03b1\u03bd\u03b5\u03c0\u03b9\u03c6\u03cd\u03bb\u03b1\u03ba\u03c4\u03b1! \u03a5\u03c0\u03ad\u03c1\u03bf\u03c7\u03b7 \u03b5\u03bc\u03c0\u03b5\u03b9\u03c1\u03af\u03b1.<\/p>\n\t\t\t<footer>\n\t\t\t\t\u0393\u03ba\u03b1\u03c3\u03c4\u03cc\u03bd\n\t\t\t\t\t\t\t<\/footer>\n\t\t<\/div>\n\t<\/div>\n<\/div>\t\t\t\t\t\t\t\t\t\n<div class=\"testimonial wd-col\">\n\t<div class=\"testimonial-inner\">\n\t\t\n\t\t<div class=\"testimonial-content\">\n\t\t\t<div class=\"testimonial-rating\">\n\t\t\t\t<span class=\"star-rating\">\n\t\t\t\t\t<span style=\"width:100%\"><\/span>\n\t\t\t\t<\/span>\n\t\t\t<\/div>\n\n\t\t\t<p>\u03a4\u03bf \u03b1\u03c5\u03c4\u03bf\u03ba\u03af\u03bd\u03b7\u03c4\u03bf \u03b5\u03af\u03bd\u03b1\u03b9 \u03c0\u03b1\u03bd\u03ad\u03bc\u03bf\u03c1\u03c6\u03bf, \u03cc\u03c0\u03c9\u03c2 \u03b1\u03bd\u03b1\u03bc\u03b5\u03bd\u03cc\u03c4\u03b1\u03bd, \u03ba\u03b1\u03b9 \u03c0\u03b1\u03c1\u03b1\u03b4\u03cc\u03b8\u03b7\u03ba\u03b5 \u03ba\u03b1\u03c4\u03b5\u03c5\u03b8\u03b5\u03af\u03b1\u03bd \u03c3\u03c4\u03b7\u03bd \u03c0\u03cc\u03c1\u03c4\u03b1 \u03bc\u03bf\u03c5. \u03a4\u03bf \u03bc\u03cc\u03bd\u03bf \u03bc\u03b9\u03ba\u03c1\u03cc \u03bc\u03b5\u03b9\u03bf\u03bd\u03ad\u03ba\u03c4\u03b7\u03bc\u03b1 \u03ae\u03c4\u03b1\u03bd \u03cc\u03c4\u03b9 \u03ad\u03bb\u03b5\u03b9\u03c0\u03b5 \u03c4\u03bf \u03ba\u03b9\u03c4 \u03b5\u03c0\u03b9\u03c3\u03ba\u03b5\u03c5\u03ae\u03c2 \u03b5\u03bb\u03b1\u03c3\u03c4\u03b9\u03ba\u03ce\u03bd \u03ba\u03b1\u03b9 \u03bf\u03c4\u03b9\u03b4\u03ae\u03c0\u03bf\u03c4\u03b5 \u03ac\u03bb\u03bb\u03bf \u03c3\u03c4\u03bf \u03c0\u03bf\u03c1\u03c4\u03bc\u03c0\u03b1\u03b3\u03ba\u03ac\u03b6. \u0393\u03b9\u03b1 \u03b1\u03c5\u03c4\u03ae \u03c4\u03b7 \u03bc\u03b9\u03ba\u03c1\u03ae \u03c4\u03b1\u03bb\u03b1\u03b9\u03c0\u03c9\u03c1\u03af\u03b1, \u03bc\u03af\u03bb\u03b7\u03c3\u03b1 \u03bc\u03b5 \u03ad\u03bd\u03b1\u03bd \u03c0\u03bf\u03bb\u03cd \u03b5\u03c0\u03b1\u03b3\u03b3\u03b5\u03bb\u03bc\u03b1\u03c4\u03af\u03b1 \u03c3\u03cd\u03bc\u03b2\u03bf\u03c5\u03bb\u03bf \u03c0\u03bf\u03c5 \u03bc\u03bf\u03c5 \u03b5\u03af\u03c0\u03b5 \u03bd\u03b1 \u03b1\u03b3\u03bf\u03c1\u03ac\u03c3\u03c9 \u03ad\u03bd\u03b1 \u03b1\u03bd\u03c4\u03b1\u03bb\u03bb\u03b1\u03ba\u03c4\u03b9\u03ba\u03cc \u03b1\u03c0\u03cc \u03ad\u03bd\u03b1\u03bd \u03c3\u03c5\u03bd\u03b5\u03c1\u03b3\u03b1\u03b6\u03cc\u03bc\u03b5\u03bd\u03bf \u03c0\u03c1\u03bf\u03bc\u03b7\u03b8\u03b5\u03c5\u03c4\u03ae. \u03a4\u03bf\u03c5\u03c2 \u03c3\u03c5\u03c3\u03c4\u03ae\u03bd\u03c9 \u03b1\u03bd\u03b5\u03c0\u03b9\u03c6\u03cd\u03bb\u03b1\u03ba\u03c4\u03b1.<\/p>\n\t\t\t<footer>\n\t\t\t\t\u03a6\u03c1\u03b5\u03b9\u03b4\u03b5\u03c1\u03af\u03ba\u03bf\u03c2\n\t\t\t\t\t\t\t<\/footer>\n\t\t<\/div>\n\t<\/div>\n<\/div>\t\t\t\t\t\t\t\t\t\n<div class=\"testimonial wd-col\">\n\t<div class=\"testimonial-inner\">\n\t\t\n\t\t<div class=\"testimonial-content\">\n\t\t\t<div class=\"testimonial-rating\">\n\t\t\t\t<span class=\"star-rating\">\n\t\t\t\t\t<span style=\"width:100%\"><\/span>\n\t\t\t\t<\/span>\n\t\t\t<\/div>\n\n\t\t\t<p>\u0388\u03bd\u03b1 \u03c0\u03bf\u03bb\u03cd \u03b8\u03b5\u03c1\u03bc\u03cc \u03ba\u03b1\u03bb\u03c9\u03c3\u03cc\u03c1\u03b9\u03c3\u03bc\u03b1 \u03b1\u03c0\u03cc \u03ad\u03bd\u03b1 \u03c6\u03b9\u03bb\u03b9\u03ba\u03cc \u03ba\u03b1\u03b9 \u03b5\u03be\u03c5\u03c0\u03b7\u03c1\u03b5\u03c4\u03b9\u03ba\u03cc \u03ac\u03c4\u03bf\u03bc\u03bf. \u038c\u03bb\u03b1 \u03ad\u03b3\u03b9\u03bd\u03b1\u03bd \u03bc\u03ad\u03c3\u03c9 \u03c4\u03b7\u03bb\u03b5\u03c6\u03ce\u03bd\u03bf\u03c5, \u03bc\u03b7\u03bd\u03c5\u03bc\u03ac\u03c4\u03c9\u03bd, WhatsApp \u03ba\u03b1\u03b9 \u03c6\u03c9\u03c4\u03bf\u03b3\u03c1\u03b1\u03c6\u03b9\u03ce\u03bd, \u03ba\u03b1\u03b9 \u03c4\u03bf \u03cc\u03c7\u03b7\u03bc\u03b1 \u03b1\u03bd\u03c4\u03b1\u03c0\u03bf\u03ba\u03c1\u03af\u03b8\u03b7\u03ba\u03b5 \u03b1\u03c0\u03cc\u03bb\u03c5\u03c4\u03b1 \u03c3\u03c4\u03b9\u03c2 \u03c0\u03c1\u03bf\u03c3\u03b4\u03bf\u03ba\u03af\u03b5\u03c2 \u03bc\u03bf\u03c5. \u03a4\u03bf \u03cc\u03c7\u03b7\u03bc\u03b1 \u03ae\u03c4\u03b1\u03bd \u03c0\u03bf\u03bb\u03cd \u03ba\u03b1\u03b8\u03b1\u03c1\u03cc \u03cc\u03c4\u03b1\u03bd \u03c4\u03bf \u03c0\u03b1\u03c1\u03ad\u03bb\u03b1\u03b2\u03b1. \u0395\u03c5\u03c7\u03b1\u03c1\u03b9\u03c3\u03c4\u03ce \u03c4\u03bf\u03bd J\u00e9r\u00f4me Dr\u00e9an \u03b3\u03b9\u03b1 \u03c4\u03bf\u03bd \u03b5\u03c0\u03b1\u03b3\u03b3\u03b5\u03bb\u03bc\u03b1\u03c4\u03b9\u03c3\u03bc\u03cc \u03ba\u03b1\u03b9 \u03c4\u03b7\u03bd \u03b5\u03bc\u03c0\u03b5\u03b9\u03c1\u03af\u03b1 \u03c4\u03bf\u03c5. \u03a4\u03bf\u03bd \u03c3\u03c5\u03c3\u03c4\u03ae\u03bd\u03c9 \u03b1\u03bd\u03b5\u03c0\u03b9\u03c6\u03cd\u03bb\u03b1\u03ba\u03c4\u03b1.<\/p>\n\t\t\t<footer>\n\t\t\t\t\u0391\u03c0\u03bf\u03c3\u03c4\u03bf\u03bb\u03ae\n\t\t\t\t\t\t\t<\/footer>\n\t\t<\/div>\n\t<\/div>\n<\/div>\t\t\t\t\n\t\t\t\t\t\t\t<\/div>\n\t\t\t\t\t<\/div>\n\t\t\t\t\t\t<\/div>\n\t\t\t\t<\/div>\n\t\t\t\t\t<\/div>\n\t\t<\/div>\n\t\t\t\t\t<\/div>\n\t\t<\/section>\n\t\t\t\t<\/div>","protected":false},"excerpt":{"rendered":"<p>Avis de nos clients Aucune surprise apr\u00e8s la commende ni lors de la r\u00e9ception de la voiture. Celle-ci \u00e9tait tr\u00e8s<\/p>","protected":false},"author":1,"featured_media":0,"parent":0,"menu_order":0,"comment_status":"closed","ping_status":"closed","template":"","meta":{"footnotes":""},"class_list":["post-10524","page","type-page","status-publish","hentry"],"_links":{"self":[{"href":"https:\/\/ampassion-auto.com\/el\/wp-json\/wp\/v2\/pages\/10524","targetHints":{"allow":["GET"]}}],"collection":[{"href":"https:\/\/ampassion-auto.com\/el\/wp-json\/wp\/v2\/pages"}],"about":[{"href":"https:\/\/ampassion-auto.com\/el\/wp-json\/wp\/v2\/types\/page"}],"author":[{"embeddable":true,"href":"https:\/\/ampassion-auto.com\/el\/wp-json\/wp\/v2\/users\/1"}],"replies":[{"embeddable":true,"href":"https:\/\/ampassion-auto.com\/el\/wp-json\/wp\/v2\/comments?post=10524"}],"version-history":[{"count":16,"href":"https:\/\/ampassion-auto.com\/el\/wp-json\/wp\/v2\/pages\/10524\/revisions"}],"predecessor-version":[{"id":16040,"href":"https:\/\/ampassion-auto.com\/el\/wp-json\/wp\/v2\/pages\/10524\/revisions\/16040"}],"wp:attachment":[{"href":"https:\/\/ampassion-auto.com\/el\/wp-json\/wp\/v2\/media?parent=10524"}],"curies":[{"name":"wp","href":"https:\/\/api.w.org\/{rel}","templated":true}]}}