{"id":10524,"date":"2021-11-16T12:29:16","date_gmt":"2021-11-16T12:29:16","guid":{"rendered":"http:\/\/dummy.xtemos.com\/woodmart2\/elementor\/?page_id=10524"},"modified":"2026-04-02T11:20:17","modified_gmt":"2026-04-02T11:20:17","slug":"avis","status":"publish","type":"page","link":"https:\/\/ampassion-auto.com\/et\/avis\/","title":{"rendered":"Klientide arvustused"},"content":{"rendered":"<div data-elementor-type=\"wp-page\" data-elementor-id=\"10524\" class=\"elementor elementor-10524\" data-elementor-post-type=\"page\">\n\t\t\t\t\t\t<section class=\"wd-negative-gap elementor-section elementor-top-section elementor-element elementor-element-2fe476be wd-section-stretch elementor-section-boxed elementor-section-height-default elementor-section-height-default\" data-id=\"2fe476be\" data-element_type=\"section\" data-e-type=\"section\" data-settings=\"{&quot;background_background&quot;:&quot;classic&quot;}\">\n\t\t\t\t\t\t<div class=\"elementor-container elementor-column-gap-default\">\n\t\t\t\t\t<div class=\"elementor-column elementor-col-100 elementor-top-column elementor-element elementor-element-388a99f0\" data-id=\"388a99f0\" data-element_type=\"column\" data-e-type=\"column\">\n\t\t\t<div class=\"elementor-widget-wrap elementor-element-populated\">\n\t\t\t\t\t\t<div class=\"elementor-element elementor-element-9469439 wd-width-100 elementor-widget elementor-widget-wd_title\" data-id=\"9469439\" data-element_type=\"widget\" data-e-type=\"widget\" data-widget_type=\"wd_title.default\">\n\t\t\t\t<div class=\"elementor-widget-container\">\n\t\t\t\t\t\t\t<div class=\"title-wrapper wd-set-mb reset-last-child wd-title-color-primary wd-title-style-bordered wd-title-size-default text-center\">\n\n\t\t\t\n\t\t\t<div class=\"liner-continer\">\n\t\t\t\t<h4 class=\"woodmart-title-container title wd-fontsize-l\">Klientide arvustused<\/h4> \n\t\t\t\t\t\t\t<\/div>\n\n\t\t\t\t\t<\/div>\n\t\t\t\t\t\t<\/div>\n\t\t\t\t<\/div>\n\t\t\t\t<div class=\"elementor-element elementor-element-5b937734 elementor-widget elementor-widget-wd_testimonials\" data-id=\"5b937734\" data-element_type=\"widget\" data-e-type=\"widget\" data-widget_type=\"wd_testimonials.default\">\n\t\t\t\t<div class=\"elementor-widget-container\">\n\t\t\t\t\t\t\t<div class=\"testimonials testimon-style-boxed  color-scheme- testimon-align-left\" id=\"carousel-6924\">\n\t\t\t\n\t\t\t<div class=\"wd-grid-g\" style=\"--wd-col-lg:2;--wd-col-md:2;--wd-col-sm:1;--wd-gap-lg:30px;--wd-gap-sm:10px;\" >\n\t\t\t\t\n\t\t\t\t\t\t\t\t\t\n<div class=\"testimonial wd-col\">\n\t<div class=\"testimonial-inner\">\n\t\t\n\t\t<div class=\"testimonial-content\">\n\t\t\t<div class=\"testimonial-rating\">\n\t\t\t\t<span class=\"star-rating\">\n\t\t\t\t\t<span style=\"width:100%\"><\/span>\n\t\t\t\t<\/span>\n\t\t\t<\/div>\n\n\t\t\t<p>P\u00e4rast tellimist v\u00f5i auto k\u00e4ttesaamisel polnud mingeid \u00fcllatusi. See oli v\u00e4ga puhas, praktiliselt uus. Kohaletoimetamise juht oli v\u00e4ga s\u00f5bralik. S\u00f5iduk toodi kohale \u00fche p\u00e4eva hiljem, aga mind teavitati. Auto on mul n\u00fc\u00fcd n\u00e4dal aega olnud ja pole probleeme olnud ning mul on ka 14 p\u00e4eva aega seda proovida. Rahulolu garanteeritud v\u00f5i raha tagasi. Soovitan seda saiti!<\/p>\n\t\t\t<footer>\n\t\t\t\tJoel\n\t\t\t\t\t\t\t<\/footer>\n\t\t<\/div>\n\t<\/div>\n<\/div>\t\t\t\t\t\t\t\t\t\n<div class=\"testimonial wd-col\">\n\t<div class=\"testimonial-inner\">\n\t\t\n\t\t<div class=\"testimonial-content\">\n\t\t\t<div class=\"testimonial-rating\">\n\t\t\t\t<span class=\"star-rating\">\n\t\t\t\t\t<span style=\"width:100%\"><\/span>\n\t\t\t\t<\/span>\n\t\t\t<\/div>\n\n\t\t\t<p>Alguses olin BMW Saksamaalt importimise suhtes \u00fcsna k\u00f5hklev, aga Premium Importiga julgeksin k\u00f5hklemata uuesti \u00fchendust v\u00f5tta. Suhtlus kogu protsessi v\u00e4ltel oli suurep\u00e4rane. Cynthia oli v\u00e4ga vastutulelik, broneeris kohe s\u00f5iduki Saksamaal (340i GT xDrive Luxury mudel oli v\u00e4ga n\u00f5utud) ja tegeles seej\u00e4rel kogu administratiivse j\u00e4reltegevusega. T\u00e4nan ka Maximet sooja vastuv\u00f5tu ja igak\u00fclgse toetuse eest.<\/p>\n\t\t\t<footer>\n\t\t\t\tDa Silva\n\t\t\t\t\t\t\t<\/footer>\n\t\t<\/div>\n\t<\/div>\n<\/div>\t\t\t\t\t\t\t\t\t\n<div class=\"testimonial wd-col\">\n\t<div class=\"testimonial-inner\">\n\t\t\n\t\t<div class=\"testimonial-content\">\n\t\t\t<div class=\"testimonial-rating\">\n\t\t\t\t<span class=\"star-rating\">\n\t\t\t\t\t<span style=\"width:100%\"><\/span>\n\t\t\t\t<\/span>\n\t\t\t<\/div>\n\n\t\t\t<p>Ideaalne algusest l\u00f5puni! Olin veidi ebakindel, kuna autot ei saa ise n\u00e4ha, aga tellitud auto vastas ideaalselt minu n\u00f5uetele ja isegi \u00fcletas neid! See toimetati minu ukse taha lubatud ajal ja \u00f5igeaegselt. K\u00f5ik dokumendid olid allkirjastamiseks valmis. M\u00fc\u00fcgij\u00e4rgne teenindus on suurep\u00e4rane, eriti Alaini puhul, kes oli alati v\u00e4ga vastutulelik. Soovitan neid soojalt ja kasutan neid kindlasti uuesti oma j\u00e4rgmise s\u00f5iduki ostmisel!<\/p>\n\t\t\t<footer>\n\t\t\t\tPhilipsi\n\t\t\t\t\t\t\t<\/footer>\n\t\t<\/div>\n\t<\/div>\n<\/div>\t\t\t\t\t\t\t\t\t\n<div class=\"testimonial wd-col\">\n\t<div class=\"testimonial-inner\">\n\t\t\n\t\t<div class=\"testimonial-content\">\n\t\t\t<div class=\"testimonial-rating\">\n\t\t\t\t<span class=\"star-rating\">\n\t\t\t\t\t<span style=\"width:100%\"><\/span>\n\t\t\t\t<\/span>\n\t\t\t<\/div>\n\n\t\t\t<p>S\u00f5iduk toimetati kohale kirjelduse kohaselt, puhtana ja k\u00f5igi minu nimele kirjutatud dokumentidega, mis olid eelnevalt ette valmistatud ja korralikult esitatud. Hinna osas polnud aga l\u00e4bir\u00e4\u00e4kimisruumi, kuid vastutasuks oli teenindus suurep\u00e4rane, ostuprotsess algusest l\u00f5puni oli lihtne ja auto toimetati koju t\u00e4helepaneliku agendi poolt, kes v\u00f5ttis aega k\u00f5igile minu k\u00fcsimustele vastamiseks.<\/p>\n\t\t\t<footer>\n\t\t\t\tFirmin\n\t\t\t\t\t\t\t<\/footer>\n\t\t<\/div>\n\t<\/div>\n<\/div>\t\t\t\t\t\t\t\t\t\n<div class=\"testimonial wd-col\">\n\t<div class=\"testimonial-inner\">\n\t\t\n\t\t<div class=\"testimonial-content\">\n\t\t\t<div class=\"testimonial-rating\">\n\t\t\t\t<span class=\"star-rating\">\n\t\t\t\t\t<span style=\"width:100%\"><\/span>\n\t\t\t\t<\/span>\n\t\t\t<\/div>\n\n\t\t\t<p>Soovitan seda veebilehte autoostuks. T\u00e4nu sellele ettev\u00f5ttele sain oma auto vaid sissemaksega ja \u00fclej\u00e4\u00e4nu kuumaksetena. V\u00e4ga hea kogemus. Mingeid kaebusi polnud, selge ja lihtne. Auto toimetati kohale puhtana ja t\u00e4pselt nii, nagu kirjeldatud ja oodatud. Soovitan neid.<\/p>\n\t\t\t<footer>\n\t\t\t\tHelena\n\t\t\t\t\t\t\t<\/footer>\n\t\t<\/div>\n\t<\/div>\n<\/div>\t\t\t\t\t\t\t\t\t\n<div class=\"testimonial wd-col\">\n\t<div class=\"testimonial-inner\">\n\t\t\n\t\t<div class=\"testimonial-content\">\n\t\t\t<div class=\"testimonial-rating\">\n\t\t\t\t<span class=\"star-rating\">\n\t\t\t\t\t<span style=\"width:100%\"><\/span>\n\t\t\t\t<\/span>\n\t\t\t<\/div>\n\n\t\t\t<p>Minu esimene kogemus oli edukas ja ma ei k\u00f5hkleks neilt teise s\u00f5iduki ostmisel. Soovitan neid 100%. Kohaletoimetamine oli lihtsalt fantastiline. Soovitan neid soojalt. Kasutan neid kindlasti uuesti.<\/p>\n\t\t\t<footer>\n\t\t\t\tRosie\n\t\t\t\t\t\t\t<\/footer>\n\t\t<\/div>\n\t<\/div>\n<\/div>\t\t\t\t\t\t\t\t\t\n<div class=\"testimonial wd-col\">\n\t<div class=\"testimonial-inner\">\n\t\t\n\t\t<div class=\"testimonial-content\">\n\t\t\t<div class=\"testimonial-rating\">\n\t\t\t\t<span class=\"star-rating\">\n\t\t\t\t\t<span style=\"width:100%\"><\/span>\n\t\t\t\t<\/span>\n\t\t\t<\/div>\n\n\t\t\t<p>T\u00e4nu teile sain osta ilusa 308. Auto valmistati m\u00fc\u00fcgiks ette v\u00e4ga kiiresti. J\u00e4in teenindusega \u00fcsna rahule ja soovitan seda m\u00fc\u00fcjat.<\/p>\n\t\t\t<footer>\n\t\t\t\tJustin\n\t\t\t\t\t\t\t<\/footer>\n\t\t<\/div>\n\t<\/div>\n<\/div>\t\t\t\t\t\t\t\t\t\n<div class=\"testimonial wd-col\">\n\t<div class=\"testimonial-inner\">\n\t\t\n\t\t<div class=\"testimonial-content\">\n\t\t\t<div class=\"testimonial-rating\">\n\t\t\t\t<span class=\"star-rating\">\n\t\t\t\t\t<span style=\"width:100%\"><\/span>\n\t\t\t\t<\/span>\n\t\t\t<\/div>\n\n\t\t\t<p>Suurep\u00e4rane teenindus, olen v\u00e4ga rahul. K\u00f5ik sujus plaanip\u00e4raselt. Soovitan soojalt! Suurep\u00e4rane kogemus<\/p>\n\t\t\t<footer>\n\t\t\t\tGaston\n\t\t\t\t\t\t\t<\/footer>\n\t\t<\/div>\n\t<\/div>\n<\/div>\t\t\t\t\t\t\t\t\t\n<div class=\"testimonial wd-col\">\n\t<div class=\"testimonial-inner\">\n\t\t\n\t\t<div class=\"testimonial-content\">\n\t\t\t<div class=\"testimonial-rating\">\n\t\t\t\t<span class=\"star-rating\">\n\t\t\t\t\t<span style=\"width:100%\"><\/span>\n\t\t\t\t<\/span>\n\t\t\t<\/div>\n\n\t\t\t<p>Auto on ilus, nagu arvata v\u00f5is, ja see toimetati otse minu ukse taha. Ainus v\u00e4ike puudus oli see, et rehviparanduskomplekt ja k\u00f5ik muu pakiruumis olev puudus. Selle v\u00e4ikese ebamugavuse leevendamiseks r\u00e4\u00e4kisin v\u00e4ga professionaalse n\u00f5ustajaga, kes soovitas mul osta asenduskomplekt partnertarnijalt. Soovitan neid soojalt.<\/p>\n\t\t\t<footer>\n\t\t\t\tFr\u00e9deric\n\t\t\t\t\t\t\t<\/footer>\n\t\t<\/div>\n\t<\/div>\n<\/div>\t\t\t\t\t\t\t\t\t\n<div class=\"testimonial wd-col\">\n\t<div class=\"testimonial-inner\">\n\t\t\n\t\t<div class=\"testimonial-content\">\n\t\t\t<div class=\"testimonial-rating\">\n\t\t\t\t<span class=\"star-rating\">\n\t\t\t\t\t<span style=\"width:100%\"><\/span>\n\t\t\t\t<\/span>\n\t\t\t<\/div>\n\n\t\t\t<p>V\u00e4ga soe vastuv\u00f5tt s\u00f5braliku ja t\u00e4helepaneliku inimese poolt. K\u00f5ik toimus telefoni, tekstis\u00f5numite, WhatsAppi ja fotode teel ning s\u00f5iduk vastas ideaalselt minu ootustele. S\u00f5iduk oli k\u00e4ttesaamisel v\u00e4ga puhas. T\u00e4nan J\u00e9r\u00f4me Dr\u00e9ani tema professionaalsuse ja asjatundlikkuse eest; soovitan teda soojalt.<\/p>\n\t\t\t<footer>\n\t\t\t\tMissioon\n\t\t\t\t\t\t\t<\/footer>\n\t\t<\/div>\n\t<\/div>\n<\/div>\t\t\t\t\n\t\t\t\t\t\t\t<\/div>\n\t\t\t\t\t<\/div>\n\t\t\t\t\t\t<\/div>\n\t\t\t\t<\/div>\n\t\t\t\t\t<\/div>\n\t\t<\/div>\n\t\t\t\t\t<\/div>\n\t\t<\/section>\n\t\t\t\t<\/div>","protected":false},"excerpt":{"rendered":"<p>Avis de nos clients Aucune surprise apr\u00e8s la commende ni lors de la r\u00e9ception de la voiture. Celle-ci \u00e9tait tr\u00e8s<\/p>","protected":false},"author":1,"featured_media":0,"parent":0,"menu_order":0,"comment_status":"closed","ping_status":"closed","template":"","meta":{"footnotes":""},"class_list":["post-10524","page","type-page","status-publish","hentry"],"_links":{"self":[{"href":"https:\/\/ampassion-auto.com\/et\/wp-json\/wp\/v2\/pages\/10524","targetHints":{"allow":["GET"]}}],"collection":[{"href":"https:\/\/ampassion-auto.com\/et\/wp-json\/wp\/v2\/pages"}],"about":[{"href":"https:\/\/ampassion-auto.com\/et\/wp-json\/wp\/v2\/types\/page"}],"author":[{"embeddable":true,"href":"https:\/\/ampassion-auto.com\/et\/wp-json\/wp\/v2\/users\/1"}],"replies":[{"embeddable":true,"href":"https:\/\/ampassion-auto.com\/et\/wp-json\/wp\/v2\/comments?post=10524"}],"version-history":[{"count":16,"href":"https:\/\/ampassion-auto.com\/et\/wp-json\/wp\/v2\/pages\/10524\/revisions"}],"predecessor-version":[{"id":16040,"href":"https:\/\/ampassion-auto.com\/et\/wp-json\/wp\/v2\/pages\/10524\/revisions\/16040"}],"wp:attachment":[{"href":"https:\/\/ampassion-auto.com\/et\/wp-json\/wp\/v2\/media?parent=10524"}],"curies":[{"name":"wp","href":"https:\/\/api.w.org\/{rel}","templated":true}]}}