{"id":10524,"date":"2021-11-16T12:29:16","date_gmt":"2021-11-16T12:29:16","guid":{"rendered":"http:\/\/dummy.xtemos.com\/woodmart2\/elementor\/?page_id=10524"},"modified":"2026-04-02T11:20:17","modified_gmt":"2026-04-02T11:20:17","slug":"avis","status":"publish","type":"page","link":"https:\/\/ampassion-auto.com\/hu\/avis\/","title":{"rendered":"V\u00e1s\u00e1rl\u00f3i v\u00e9lem\u00e9nyek"},"content":{"rendered":"<div data-elementor-type=\"wp-page\" data-elementor-id=\"10524\" class=\"elementor elementor-10524\" data-elementor-post-type=\"page\">\n\t\t\t\t\t\t<section class=\"wd-negative-gap elementor-section elementor-top-section elementor-element elementor-element-2fe476be wd-section-stretch elementor-section-boxed elementor-section-height-default elementor-section-height-default\" data-id=\"2fe476be\" data-element_type=\"section\" data-e-type=\"section\" data-settings=\"{&quot;background_background&quot;:&quot;classic&quot;}\">\n\t\t\t\t\t\t<div class=\"elementor-container elementor-column-gap-default\">\n\t\t\t\t\t<div class=\"elementor-column elementor-col-100 elementor-top-column elementor-element elementor-element-388a99f0\" data-id=\"388a99f0\" data-element_type=\"column\" data-e-type=\"column\">\n\t\t\t<div class=\"elementor-widget-wrap elementor-element-populated\">\n\t\t\t\t\t\t<div class=\"elementor-element elementor-element-9469439 wd-width-100 elementor-widget elementor-widget-wd_title\" data-id=\"9469439\" data-element_type=\"widget\" data-e-type=\"widget\" data-widget_type=\"wd_title.default\">\n\t\t\t\t<div class=\"elementor-widget-container\">\n\t\t\t\t\t\t\t<div class=\"title-wrapper wd-set-mb reset-last-child wd-title-color-primary wd-title-style-bordered wd-title-size-default text-center\">\n\n\t\t\t\n\t\t\t<div class=\"liner-continer\">\n\t\t\t\t<h4 class=\"woodmart-title-container title wd-fontsize-l\">V\u00e1s\u00e1rl\u00f3i v\u00e9lem\u00e9nyek<\/h4> \n\t\t\t\t\t\t\t<\/div>\n\n\t\t\t\t\t<\/div>\n\t\t\t\t\t\t<\/div>\n\t\t\t\t<\/div>\n\t\t\t\t<div class=\"elementor-element elementor-element-5b937734 elementor-widget elementor-widget-wd_testimonials\" data-id=\"5b937734\" data-element_type=\"widget\" data-e-type=\"widget\" data-widget_type=\"wd_testimonials.default\">\n\t\t\t\t<div class=\"elementor-widget-container\">\n\t\t\t\t\t\t\t<div class=\"testimonials testimon-style-boxed  color-scheme- testimon-align-left\" id=\"carousel-4189\">\n\t\t\t\n\t\t\t<div class=\"wd-grid-g\" style=\"--wd-col-lg:2;--wd-col-md:2;--wd-col-sm:1;--wd-gap-lg:30px;--wd-gap-sm:10px;\" >\n\t\t\t\t\n\t\t\t\t\t\t\t\t\t\n<div class=\"testimonial wd-col\">\n\t<div class=\"testimonial-inner\">\n\t\t\n\t\t<div class=\"testimonial-content\">\n\t\t\t<div class=\"testimonial-rating\">\n\t\t\t\t<span class=\"star-rating\">\n\t\t\t\t\t<span style=\"width:100%\"><\/span>\n\t\t\t\t<\/span>\n\t\t\t<\/div>\n\n\t\t\t<p>Nem \u00e9rt meglepet\u00e9s sem a rendel\u00e9s, sem az aut\u00f3 \u00e1tv\u00e9tele ut\u00e1n. Nagyon tiszta volt, gyakorlatilag vadonat\u00faj. A sz\u00e1ll\u00edt\u00f3 sof\u0151r nagyon bar\u00e1ts\u00e1gos volt. A j\u00e1rm\u0171vet egy nap k\u00e9s\u00e9ssel k\u00e9zbes\u00edtett\u00e9k, de \u00e9rtes\u00edtettek. M\u00e1r egy hete megvan az aut\u00f3 probl\u00e9ma n\u00e9lk\u00fcl, \u00e9s van 14 napom kipr\u00f3b\u00e1lni. El\u00e9gedetts\u00e9gi garancia vagy p\u00e9nzvisszafizet\u00e9s. Aj\u00e1nlom ezt az oldalt!<\/p>\n\t\t\t<footer>\n\t\t\t\tJoel\n\t\t\t\t\t\t\t<\/footer>\n\t\t<\/div>\n\t<\/div>\n<\/div>\t\t\t\t\t\t\t\t\t\n<div class=\"testimonial wd-col\">\n\t<div class=\"testimonial-inner\">\n\t\t\n\t\t<div class=\"testimonial-content\">\n\t\t\t<div class=\"testimonial-rating\">\n\t\t\t\t<span class=\"star-rating\">\n\t\t\t\t\t<span style=\"width:100%\"><\/span>\n\t\t\t\t<\/span>\n\t\t\t<\/div>\n\n\t\t\t<p>Kezdetben kiss\u00e9 agg\u00f3dtam egy BMW n\u00e9metorsz\u00e1gi behozatala miatt, de haboz\u00e1s n\u00e9lk\u00fcl \u00fajra megfontoln\u00e1m a Premium Import szolg\u00e1ltat\u00e1sait. A kommunik\u00e1ci\u00f3 a teljes folyamat sor\u00e1n kiv\u00e1l\u00f3 volt. Cynthia nagyon gyorsan reag\u00e1lt, azonnal lefoglalta a j\u00e1rm\u0171vet N\u00e9metorsz\u00e1gban (a 340i GT xDrive Luxury modell nagyon keresett volt), majd int\u00e9zte az \u00f6sszes adminisztrat\u00edv teend\u0151t. K\u00f6sz\u00f6n\u00f6m Maxime-nak is a meleg fogadtat\u00e1st \u00e9s az \u00e1tfog\u00f3 t\u00e1mogat\u00e1st.<\/p>\n\t\t\t<footer>\n\t\t\t\tDa Silva\n\t\t\t\t\t\t\t<\/footer>\n\t\t<\/div>\n\t<\/div>\n<\/div>\t\t\t\t\t\t\t\t\t\n<div class=\"testimonial wd-col\">\n\t<div class=\"testimonial-inner\">\n\t\t\n\t\t<div class=\"testimonial-content\">\n\t\t\t<div class=\"testimonial-rating\">\n\t\t\t\t<span class=\"star-rating\">\n\t\t\t\t\t<span style=\"width:100%\"><\/span>\n\t\t\t\t<\/span>\n\t\t\t<\/div>\n\n\t\t\t<p>T\u00f6k\u00e9letes az elej\u00e9t\u0151l a v\u00e9g\u00e9ig! Egy kicsit agg\u00f3dtam, mert nem lehet szem\u00e9lyesen megn\u00e9zni az aut\u00f3t, de a megrendelt t\u00f6k\u00e9letesen megfelelt az elv\u00e1r\u00e1saimnak, s\u0151t, t\u00fal is sz\u00e1rnyalta azokat! A meg\u00edg\u00e9rt id\u0151ben \u00e9s h\u00e1zhoz sz\u00e1ll\u00edtott\u00e1k. Minden pap\u00edrmunka k\u00e9szen \u00e1llt al\u00e1\u00edr\u00e1sra. Az \u00e9rt\u00e9kes\u00edt\u00e9s ut\u00e1ni szolg\u00e1ltat\u00e1s kiv\u00e1l\u00f3, k\u00fcl\u00f6n\u00f6sen Alainnel, aki mindig nagyon seg\u00edt\u0151k\u00e9sz volt. Nagyon aj\u00e1nlom \u0151ket, \u00e9s a k\u00f6vetkez\u0151 aut\u00f3mhoz is biztosan ig\u00e9nybe veszem a szolg\u00e1ltat\u00e1saikat!<\/p>\n\t\t\t<footer>\n\t\t\t\tPhilips\n\t\t\t\t\t\t\t<\/footer>\n\t\t<\/div>\n\t<\/div>\n<\/div>\t\t\t\t\t\t\t\t\t\n<div class=\"testimonial wd-col\">\n\t<div class=\"testimonial-inner\">\n\t\t\n\t\t<div class=\"testimonial-content\">\n\t\t\t<div class=\"testimonial-rating\">\n\t\t\t\t<span class=\"star-rating\">\n\t\t\t\t\t<span style=\"width:100%\"><\/span>\n\t\t\t\t<\/span>\n\t\t\t<\/div>\n\n\t\t\t<p>A j\u00e1rm\u0171vet a le\u00edr\u00e1snak megfelel\u0151en, tiszt\u00e1n, a nevemre sz\u00f3l\u00f3, el\u0151re elk\u00e9sz\u00edtett \u00e9s sz\u00e9pen iktatott pap\u00edrokkal egy\u00fctt sz\u00e1ll\u00edtott\u00e1k ki. Az \u00e1rban azonban nem volt alkudoz\u00e1si lehet\u0151s\u00e9g, de cser\u00e9be a szolg\u00e1ltat\u00e1s kiv\u00e1l\u00f3 volt, a v\u00e1s\u00e1rl\u00e1si folyamat az elej\u00e9t\u0151l a v\u00e9g\u00e9ig egyszer\u0171 volt, a h\u00e1zhozsz\u00e1ll\u00edt\u00e1st pedig egy figyelmes \u00fcgyn\u00f6k v\u00e9gezte, aki id\u0151t szak\u00edtott arra, hogy minden k\u00e9rd\u00e9semre v\u00e1laszoljon.<\/p>\n\t\t\t<footer>\n\t\t\t\tFirmin\n\t\t\t\t\t\t\t<\/footer>\n\t\t<\/div>\n\t<\/div>\n<\/div>\t\t\t\t\t\t\t\t\t\n<div class=\"testimonial wd-col\">\n\t<div class=\"testimonial-inner\">\n\t\t\n\t\t<div class=\"testimonial-content\">\n\t\t\t<div class=\"testimonial-rating\">\n\t\t\t\t<span class=\"star-rating\">\n\t\t\t\t\t<span style=\"width:100%\"><\/span>\n\t\t\t\t<\/span>\n\t\t\t<\/div>\n\n\t\t\t<p>Aut\u00f3v\u00e1s\u00e1rl\u00e1shoz aj\u00e1nlom ezt a weboldalt. Ennek a c\u00e9gnek k\u00f6sz\u00f6nhet\u0151en mind\u00f6ssze egy kezd\u0151r\u00e9szlettel jutottam hozz\u00e1 az aut\u00f3mhoz, a t\u00f6bbit pedig havi r\u00e9szletekben fizettem. Nagyon j\u00f3 tapasztalat volt. Semmi panaszom nem volt, vil\u00e1gos \u00e9s egyszer\u0171. Az aut\u00f3t tiszt\u00e1n \u00e9s pontosan a le\u00edr\u00e1snak \u00e9s az elv\u00e1r\u00e1soknak megfelel\u0151en sz\u00e1ll\u00edtott\u00e1k ki. Aj\u00e1nlom \u0151ket.<\/p>\n\t\t\t<footer>\n\t\t\t\tHelena\n\t\t\t\t\t\t\t<\/footer>\n\t\t<\/div>\n\t<\/div>\n<\/div>\t\t\t\t\t\t\t\t\t\n<div class=\"testimonial wd-col\">\n\t<div class=\"testimonial-inner\">\n\t\t\n\t\t<div class=\"testimonial-content\">\n\t\t\t<div class=\"testimonial-rating\">\n\t\t\t\t<span class=\"star-rating\">\n\t\t\t\t\t<span style=\"width:100%\"><\/span>\n\t\t\t\t<\/span>\n\t\t\t<\/div>\n\n\t\t\t<p>Az els\u0151 tapasztalatom sikeres volt, \u00e9s nem habozn\u00e9k t\u0151l\u00fck m\u00e1sik j\u00e1rm\u0171vet is venni. 100%-ban aj\u00e1nlom \u0151ket. A sz\u00e1ll\u00edt\u00e1s egyszer\u0171en fantasztikus volt. Nagyon aj\u00e1nlom \u0151ket. Mindenk\u00e9ppen ig\u00e9nybe veszem a szolg\u00e1ltat\u00e1saikat \u00fajra.<\/p>\n\t\t\t<footer>\n\t\t\t\tR\u00f3zi\n\t\t\t\t\t\t\t<\/footer>\n\t\t<\/div>\n\t<\/div>\n<\/div>\t\t\t\t\t\t\t\t\t\n<div class=\"testimonial wd-col\">\n\t<div class=\"testimonial-inner\">\n\t\t\n\t\t<div class=\"testimonial-content\">\n\t\t\t<div class=\"testimonial-rating\">\n\t\t\t\t<span class=\"star-rating\">\n\t\t\t\t\t<span style=\"width:100%\"><\/span>\n\t\t\t\t<\/span>\n\t\t\t<\/div>\n\n\t\t\t<p>H\u00e1la neked, siker\u00fclt egy gy\u00f6ny\u00f6r\u0171 308-ast v\u00e1s\u00e1rolnom. Az aut\u00f3 nagyon gyorsan elad\u00e1sra k\u00e9sz\u00fclt. Nagyon el\u00e9gedett voltam a szolg\u00e1ltat\u00e1ssal, \u00e9s aj\u00e1nlom ezt az elad\u00f3t.<\/p>\n\t\t\t<footer>\n\t\t\t\tJustin\n\t\t\t\t\t\t\t<\/footer>\n\t\t<\/div>\n\t<\/div>\n<\/div>\t\t\t\t\t\t\t\t\t\n<div class=\"testimonial wd-col\">\n\t<div class=\"testimonial-inner\">\n\t\t\n\t\t<div class=\"testimonial-content\">\n\t\t\t<div class=\"testimonial-rating\">\n\t\t\t\t<span class=\"star-rating\">\n\t\t\t\t\t<span style=\"width:100%\"><\/span>\n\t\t\t\t<\/span>\n\t\t\t<\/div>\n\n\t\t\t<p>Kiv\u00e1l\u00f3 szolg\u00e1ltat\u00e1s, nagyon el\u00e9gedett vagyok. Minden a tervek szerint ment. Nagyon aj\u00e1nlom! Nagyszer\u0171 \u00e9lm\u00e9ny.<\/p>\n\t\t\t<footer>\n\t\t\t\tGaston\n\t\t\t\t\t\t\t<\/footer>\n\t\t<\/div>\n\t<\/div>\n<\/div>\t\t\t\t\t\t\t\t\t\n<div class=\"testimonial wd-col\">\n\t<div class=\"testimonial-inner\">\n\t\t\n\t\t<div class=\"testimonial-content\">\n\t\t\t<div class=\"testimonial-rating\">\n\t\t\t\t<span class=\"star-rating\">\n\t\t\t\t\t<span style=\"width:100%\"><\/span>\n\t\t\t\t<\/span>\n\t\t\t<\/div>\n\n\t\t\t<p>Az aut\u00f3 gy\u00f6ny\u00f6r\u0171, ahogy v\u00e1rtam, \u00e9s egyenesen az ajt\u00f3mhoz sz\u00e1ll\u00edtott\u00e1k. Az egyetlen apr\u00f3 h\u00e1tr\u00e1ny az volt, hogy a gumiabroncs-jav\u00edt\u00f3 k\u00e9szlet \u00e9s minden m\u00e1s hi\u00e1nyzott a csomagtart\u00f3b\u00f3l. E kisebb kellemetlens\u00e9g miatt besz\u00e9ltem egy nagyon profi tan\u00e1csad\u00f3val, aki azt mondta, hogy vegyek egy cserealkatr\u00e9szt egy partner besz\u00e1ll\u00edt\u00f3t\u00f3l. Nagyon aj\u00e1nlom \u0151ket.<\/p>\n\t\t\t<footer>\n\t\t\t\tFr\u00e9deric\n\t\t\t\t\t\t\t<\/footer>\n\t\t<\/div>\n\t<\/div>\n<\/div>\t\t\t\t\t\t\t\t\t\n<div class=\"testimonial wd-col\">\n\t<div class=\"testimonial-inner\">\n\t\t\n\t\t<div class=\"testimonial-content\">\n\t\t\t<div class=\"testimonial-rating\">\n\t\t\t\t<span class=\"star-rating\">\n\t\t\t\t\t<span style=\"width:100%\"><\/span>\n\t\t\t\t<\/span>\n\t\t\t<\/div>\n\n\t\t\t<p>Nagyon meleg fogadtat\u00e1sban volt r\u00e9szem egy bar\u00e1ts\u00e1gos \u00e9s figyelmes szem\u00e9lyt\u0151l. Minden telefonon, SMS-ben, WhatsApp-on \u00e9s fot\u00f3kon kereszt\u00fcl t\u00f6rt\u00e9nt, \u00e9s a j\u00e1rm\u0171 t\u00f6k\u00e9letesen megfelelt az elv\u00e1r\u00e1saimnak. A j\u00e1rm\u0171 nagyon tiszta volt, amikor \u00e1tvettem. K\u00f6sz\u00f6n\u00f6m J\u00e9r\u00f4me Dr\u00e9an professzionalizmus\u00e1t \u00e9s szak\u00e9rtelm\u00e9t; nagyon aj\u00e1nlom \u0151t.<\/p>\n\t\t\t<footer>\n\t\t\t\tMisszi\u00f3\n\t\t\t\t\t\t\t<\/footer>\n\t\t<\/div>\n\t<\/div>\n<\/div>\t\t\t\t\n\t\t\t\t\t\t\t<\/div>\n\t\t\t\t\t<\/div>\n\t\t\t\t\t\t<\/div>\n\t\t\t\t<\/div>\n\t\t\t\t\t<\/div>\n\t\t<\/div>\n\t\t\t\t\t<\/div>\n\t\t<\/section>\n\t\t\t\t<\/div>","protected":false},"excerpt":{"rendered":"<p>Avis de nos clients Aucune surprise apr\u00e8s la commende ni lors de la r\u00e9ception de la voiture. Celle-ci \u00e9tait tr\u00e8s<\/p>","protected":false},"author":1,"featured_media":0,"parent":0,"menu_order":0,"comment_status":"closed","ping_status":"closed","template":"","meta":{"footnotes":""},"class_list":["post-10524","page","type-page","status-publish","hentry"],"_links":{"self":[{"href":"https:\/\/ampassion-auto.com\/hu\/wp-json\/wp\/v2\/pages\/10524","targetHints":{"allow":["GET"]}}],"collection":[{"href":"https:\/\/ampassion-auto.com\/hu\/wp-json\/wp\/v2\/pages"}],"about":[{"href":"https:\/\/ampassion-auto.com\/hu\/wp-json\/wp\/v2\/types\/page"}],"author":[{"embeddable":true,"href":"https:\/\/ampassion-auto.com\/hu\/wp-json\/wp\/v2\/users\/1"}],"replies":[{"embeddable":true,"href":"https:\/\/ampassion-auto.com\/hu\/wp-json\/wp\/v2\/comments?post=10524"}],"version-history":[{"count":16,"href":"https:\/\/ampassion-auto.com\/hu\/wp-json\/wp\/v2\/pages\/10524\/revisions"}],"predecessor-version":[{"id":16040,"href":"https:\/\/ampassion-auto.com\/hu\/wp-json\/wp\/v2\/pages\/10524\/revisions\/16040"}],"wp:attachment":[{"href":"https:\/\/ampassion-auto.com\/hu\/wp-json\/wp\/v2\/media?parent=10524"}],"curies":[{"name":"wp","href":"https:\/\/api.w.org\/{rel}","templated":true}]}}