{"id":10524,"date":"2021-11-16T12:29:16","date_gmt":"2021-11-16T12:29:16","guid":{"rendered":"http:\/\/dummy.xtemos.com\/woodmart2\/elementor\/?page_id=10524"},"modified":"2026-04-02T11:20:17","modified_gmt":"2026-04-02T11:20:17","slug":"avis","status":"publish","type":"page","link":"https:\/\/ampassion-auto.com\/lt\/avis\/","title":{"rendered":"Klient\u0173 atsiliepimai"},"content":{"rendered":"<div data-elementor-type=\"wp-page\" data-elementor-id=\"10524\" class=\"elementor elementor-10524\" data-elementor-post-type=\"page\">\n\t\t\t\t\t\t<section class=\"wd-negative-gap elementor-section elementor-top-section elementor-element elementor-element-2fe476be wd-section-stretch elementor-section-boxed elementor-section-height-default elementor-section-height-default\" data-id=\"2fe476be\" data-element_type=\"section\" data-e-type=\"section\" data-settings=\"{&quot;background_background&quot;:&quot;classic&quot;}\">\n\t\t\t\t\t\t<div class=\"elementor-container elementor-column-gap-default\">\n\t\t\t\t\t<div class=\"elementor-column elementor-col-100 elementor-top-column elementor-element elementor-element-388a99f0\" data-id=\"388a99f0\" data-element_type=\"column\" data-e-type=\"column\">\n\t\t\t<div class=\"elementor-widget-wrap elementor-element-populated\">\n\t\t\t\t\t\t<div class=\"elementor-element elementor-element-9469439 wd-width-100 elementor-widget elementor-widget-wd_title\" data-id=\"9469439\" data-element_type=\"widget\" data-e-type=\"widget\" data-widget_type=\"wd_title.default\">\n\t\t\t\t<div class=\"elementor-widget-container\">\n\t\t\t\t\t\t\t<div class=\"title-wrapper wd-set-mb reset-last-child wd-title-color-primary wd-title-style-bordered wd-title-size-default text-center\">\n\n\t\t\t\n\t\t\t<div class=\"liner-continer\">\n\t\t\t\t<h4 class=\"woodmart-title-container title wd-fontsize-l\">Klient\u0173 atsiliepimai<\/h4> \n\t\t\t\t\t\t\t<\/div>\n\n\t\t\t\t\t<\/div>\n\t\t\t\t\t\t<\/div>\n\t\t\t\t<\/div>\n\t\t\t\t<div class=\"elementor-element elementor-element-5b937734 elementor-widget elementor-widget-wd_testimonials\" data-id=\"5b937734\" data-element_type=\"widget\" data-e-type=\"widget\" data-widget_type=\"wd_testimonials.default\">\n\t\t\t\t<div class=\"elementor-widget-container\">\n\t\t\t\t\t\t\t<div class=\"testimonials testimon-style-boxed  color-scheme- testimon-align-left\" id=\"carousel-4226\">\n\t\t\t\n\t\t\t<div class=\"wd-grid-g\" style=\"--wd-col-lg:2;--wd-col-md:2;--wd-col-sm:1;--wd-gap-lg:30px;--wd-gap-sm:10px;\" >\n\t\t\t\t\n\t\t\t\t\t\t\t\t\t\n<div class=\"testimonial wd-col\">\n\t<div class=\"testimonial-inner\">\n\t\t\n\t\t<div class=\"testimonial-content\">\n\t\t\t<div class=\"testimonial-rating\">\n\t\t\t\t<span class=\"star-rating\">\n\t\t\t\t\t<span style=\"width:100%\"><\/span>\n\t\t\t\t<\/span>\n\t\t\t<\/div>\n\n\t\t\t<p>Joki\u0173 netik\u0117tum\u0173 nei u\u017esisakius, nei gavus automobil\u012f. Jis buvo labai \u0161varus, prakti\u0161kai naujas. Pristatymo vairuotojas buvo labai draugi\u0161kas. Transporto priemon\u0117 buvo pristatyta viena diena v\u0117liau, bet man buvo prane\u0161ta. Automobil\u012f turiu jau savait\u0119 ir jis neturi joki\u0173 problem\u0173, taip pat turiu 14 dien\u0173 j\u012f i\u0161bandyti. Garantuojame pasitenkinim\u0105 arba pinigus atgal. Rekomenduoju \u0161i\u0105 svetain\u0119!<\/p>\n\t\t\t<footer>\n\t\t\t\tD\u017eoelis\n\t\t\t\t\t\t\t<\/footer>\n\t\t<\/div>\n\t<\/div>\n<\/div>\t\t\t\t\t\t\t\t\t\n<div class=\"testimonial wd-col\">\n\t<div class=\"testimonial-inner\">\n\t\t\n\t\t<div class=\"testimonial-content\">\n\t\t\t<div class=\"testimonial-rating\">\n\t\t\t\t<span class=\"star-rating\">\n\t\t\t\t\t<span style=\"width:100%\"><\/span>\n\t\t\t\t<\/span>\n\t\t\t<\/div>\n\n\t\t\t<p>I\u0161 prad\u017ei\u0173 gana nedr\u0105siai importavau BMW i\u0161 Vokietijos, bet nedvejodamas v\u0117l ry\u017e\u010diausi \u201ePremium Import\u201c. Bendravimas viso proceso metu buvo puikus. Cynthia labai greitai rezervavo automobil\u012f Vokietijoje (\u201e340i GT xDrive Luxury\u201c modelis buvo labai paklausus) ir v\u0117liau pasir\u016bpino visais administraciniais klausimais. Taip pat d\u0117koju Maxime u\u017e \u0161ilt\u0105 pri\u0117mim\u0105 ir visapusi\u0161k\u0105 pagalb\u0105.<\/p>\n\t\t\t<footer>\n\t\t\t\tDa Silva\n\t\t\t\t\t\t\t<\/footer>\n\t\t<\/div>\n\t<\/div>\n<\/div>\t\t\t\t\t\t\t\t\t\n<div class=\"testimonial wd-col\">\n\t<div class=\"testimonial-inner\">\n\t\t\n\t\t<div class=\"testimonial-content\">\n\t\t\t<div class=\"testimonial-rating\">\n\t\t\t\t<span class=\"star-rating\">\n\t\t\t\t\t<span style=\"width:100%\"><\/span>\n\t\t\t\t<\/span>\n\t\t\t<\/div>\n\n\t\t\t<p>Tobula nuo prad\u017eios iki pabaigos! \u0160iek tiek nerimavau, nes negalima automobilio pamatyti gyvai, bet u\u017esakytas puikiai atitiko mano reikalavimus ir netgi juos pranoko! Jis buvo pristatytas iki dur\u0173, kaip ir buvo \u017ead\u0117ta, ir laiku. Visi dokumentai buvo paruo\u0161ti pasira\u0161yti. Aptarnavimas po pardavimo yra puikus, ypa\u010d Alaino, kuris visada buvo labai greitas. Labai juos rekomenduoju ir tikrai v\u0117l kreipsiuosi \u012f juos pirkdamas kit\u0105 automobil\u012f!<\/p>\n\t\t\t<footer>\n\t\t\t\tPhilips\n\t\t\t\t\t\t\t<\/footer>\n\t\t<\/div>\n\t<\/div>\n<\/div>\t\t\t\t\t\t\t\t\t\n<div class=\"testimonial wd-col\">\n\t<div class=\"testimonial-inner\">\n\t\t\n\t\t<div class=\"testimonial-content\">\n\t\t\t<div class=\"testimonial-rating\">\n\t\t\t\t<span class=\"star-rating\">\n\t\t\t\t\t<span style=\"width:100%\"><\/span>\n\t\t\t\t<\/span>\n\t\t\t<\/div>\n\n\t\t\t<p>Transporto priemon\u0117 buvo pristatyta tokia, kaip apra\u0161yta, \u0161vari ir su visais mano vardu pateiktais dokumentais, i\u0161 anksto paruo\u0161tais ir tvarkingai sutvarkytais. Ta\u010diau d\u0117l kainos deryboms nebuvo vietos, ta\u010diau mainais aptarnavimas buvo puikus \u2013 pirkimo procesas nuo prad\u017eios iki pabaigos buvo paprastas, o automobil\u012f \u012f namus pristat\u0117 d\u0117mesingas agentas, kuris skyr\u0117 laiko atsakyti \u012f visus mano klausimus.<\/p>\n\t\t\t<footer>\n\t\t\t\tFirmin\n\t\t\t\t\t\t\t<\/footer>\n\t\t<\/div>\n\t<\/div>\n<\/div>\t\t\t\t\t\t\t\t\t\n<div class=\"testimonial wd-col\">\n\t<div class=\"testimonial-inner\">\n\t\t\n\t\t<div class=\"testimonial-content\">\n\t\t\t<div class=\"testimonial-rating\">\n\t\t\t\t<span class=\"star-rating\">\n\t\t\t\t\t<span style=\"width:100%\"><\/span>\n\t\t\t\t<\/span>\n\t\t\t<\/div>\n\n\t\t\t<p>Rekomenduoju \u0161i\u0105 svetain\u0119 automobilio pirkimui. \u0160ios \u012fmon\u0117s d\u0117ka \u012fsigijau automobil\u012f sumok\u0117j\u0119s tik pradin\u012f \u012fna\u0161\u0105, o likusi\u0105 dal\u012f mok\u0117jau m\u0117nesin\u0117mis \u012fmokomis. Labai gera patirtis. Joki\u0173 nusiskundim\u0173, viskas ai\u0161ku ir paprasta. Automobilis buvo pristatytas \u0161varus ir tiksliai toks, koks apra\u0161ytas ir tik\u0117tasi. Rekomenduoju juos.<\/p>\n\t\t\t<footer>\n\t\t\t\tHelena\n\t\t\t\t\t\t\t<\/footer>\n\t\t<\/div>\n\t<\/div>\n<\/div>\t\t\t\t\t\t\t\t\t\n<div class=\"testimonial wd-col\">\n\t<div class=\"testimonial-inner\">\n\t\t\n\t\t<div class=\"testimonial-content\">\n\t\t\t<div class=\"testimonial-rating\">\n\t\t\t\t<span class=\"star-rating\">\n\t\t\t\t\t<span style=\"width:100%\"><\/span>\n\t\t\t\t<\/span>\n\t\t\t<\/div>\n\n\t\t\t<p>Mano pirmoji patirtis buvo s\u0117kminga ir nedvejodamas pirk\u010diau i\u0161 j\u0173 kit\u0105 automobil\u012f. Rekomenduoju juos 100%. Pristatymas buvo tiesiog fantasti\u0161kas. Labai juos rekomenduoju. Tikrai v\u0117l kreipsiuosi \u012f juos.<\/p>\n\t\t\t<footer>\n\t\t\t\tRo\u017e\u0117\n\t\t\t\t\t\t\t<\/footer>\n\t\t<\/div>\n\t<\/div>\n<\/div>\t\t\t\t\t\t\t\t\t\n<div class=\"testimonial wd-col\">\n\t<div class=\"testimonial-inner\">\n\t\t\n\t\t<div class=\"testimonial-content\">\n\t\t\t<div class=\"testimonial-rating\">\n\t\t\t\t<span class=\"star-rating\">\n\t\t\t\t\t<span style=\"width:100%\"><\/span>\n\t\t\t\t<\/span>\n\t\t\t<\/div>\n\n\t\t\t<p>J\u016bs\u0173 d\u0117ka gal\u0117jau nusipirkti gra\u017e\u0173 308. Automobilis buvo paruo\u0161tas pardavimui labai greitai. Buvau gana patenkintas aptarnavimu ir rekomenduoju \u0161\u012f pardav\u0117j\u0105.<\/p>\n\t\t\t<footer>\n\t\t\t\tJustinas\n\t\t\t\t\t\t\t<\/footer>\n\t\t<\/div>\n\t<\/div>\n<\/div>\t\t\t\t\t\t\t\t\t\n<div class=\"testimonial wd-col\">\n\t<div class=\"testimonial-inner\">\n\t\t\n\t\t<div class=\"testimonial-content\">\n\t\t\t<div class=\"testimonial-rating\">\n\t\t\t\t<span class=\"star-rating\">\n\t\t\t\t\t<span style=\"width:100%\"><\/span>\n\t\t\t\t<\/span>\n\t\t\t<\/div>\n\n\t\t\t<p>Puikus aptarnavimas, esu patenkintas. Viskas vyko pagal plan\u0105. Labai rekomenduoju! Puiki patirtis<\/p>\n\t\t\t<footer>\n\t\t\t\tGastonas\n\t\t\t\t\t\t\t<\/footer>\n\t\t<\/div>\n\t<\/div>\n<\/div>\t\t\t\t\t\t\t\t\t\n<div class=\"testimonial wd-col\">\n\t<div class=\"testimonial-inner\">\n\t\t\n\t\t<div class=\"testimonial-content\">\n\t\t\t<div class=\"testimonial-rating\">\n\t\t\t\t<span class=\"star-rating\">\n\t\t\t\t\t<span style=\"width:100%\"><\/span>\n\t\t\t\t<\/span>\n\t\t\t<\/div>\n\n\t\t\t<p>Automobilis gra\u017eus, kaip ir tik\u0117tasi, ir buvo pristatytas tiesiai prie mano dur\u0173. Vienintelis nedidelis tr\u016bkumas buvo tas, kad tr\u016bko padang\u0173 remonto komplekto ir visko kito baga\u017ein\u0117je. D\u0117l \u0161io nedidelio nepatogumo kalb\u0117jausi su labai profesionaliu konsultantu, kuris patar\u0117 man pirkti pakaital\u0105 i\u0161 partnerio tiek\u0117jo. Labai juos rekomenduoju.<\/p>\n\t\t\t<footer>\n\t\t\t\tFrederikas\n\t\t\t\t\t\t\t<\/footer>\n\t\t<\/div>\n\t<\/div>\n<\/div>\t\t\t\t\t\t\t\t\t\n<div class=\"testimonial wd-col\">\n\t<div class=\"testimonial-inner\">\n\t\t\n\t\t<div class=\"testimonial-content\">\n\t\t\t<div class=\"testimonial-rating\">\n\t\t\t\t<span class=\"star-rating\">\n\t\t\t\t\t<span style=\"width:100%\"><\/span>\n\t\t\t\t<\/span>\n\t\t\t<\/div>\n\n\t\t\t<p>Labai \u0161iltas draugi\u0161ko ir d\u0117mesingo \u017emogaus sutikimas. Viskas buvo atlikta telefonu, \u017einut\u0117mis, \u201eWhatsApp\u201c ir nuotraukomis, o automobilis puikiai atitiko mano l\u016bkes\u010dius. Automobilis buvo labai \u0161varus, kai j\u012f gavau. D\u0117koju J\u00e9r\u00f4me'ui Dr\u00e9anui u\u017e profesionalum\u0105 ir patirt\u012f; labai j\u012f rekomenduoju.<\/p>\n\t\t\t<footer>\n\t\t\t\tMisija\n\t\t\t\t\t\t\t<\/footer>\n\t\t<\/div>\n\t<\/div>\n<\/div>\t\t\t\t\n\t\t\t\t\t\t\t<\/div>\n\t\t\t\t\t<\/div>\n\t\t\t\t\t\t<\/div>\n\t\t\t\t<\/div>\n\t\t\t\t\t<\/div>\n\t\t<\/div>\n\t\t\t\t\t<\/div>\n\t\t<\/section>\n\t\t\t\t<\/div>","protected":false},"excerpt":{"rendered":"<p>Avis de nos clients Aucune surprise apr\u00e8s la commende ni lors de la r\u00e9ception de la voiture. Celle-ci \u00e9tait tr\u00e8s<\/p>","protected":false},"author":1,"featured_media":0,"parent":0,"menu_order":0,"comment_status":"closed","ping_status":"closed","template":"","meta":{"footnotes":""},"class_list":["post-10524","page","type-page","status-publish","hentry"],"_links":{"self":[{"href":"https:\/\/ampassion-auto.com\/lt\/wp-json\/wp\/v2\/pages\/10524","targetHints":{"allow":["GET"]}}],"collection":[{"href":"https:\/\/ampassion-auto.com\/lt\/wp-json\/wp\/v2\/pages"}],"about":[{"href":"https:\/\/ampassion-auto.com\/lt\/wp-json\/wp\/v2\/types\/page"}],"author":[{"embeddable":true,"href":"https:\/\/ampassion-auto.com\/lt\/wp-json\/wp\/v2\/users\/1"}],"replies":[{"embeddable":true,"href":"https:\/\/ampassion-auto.com\/lt\/wp-json\/wp\/v2\/comments?post=10524"}],"version-history":[{"count":16,"href":"https:\/\/ampassion-auto.com\/lt\/wp-json\/wp\/v2\/pages\/10524\/revisions"}],"predecessor-version":[{"id":16040,"href":"https:\/\/ampassion-auto.com\/lt\/wp-json\/wp\/v2\/pages\/10524\/revisions\/16040"}],"wp:attachment":[{"href":"https:\/\/ampassion-auto.com\/lt\/wp-json\/wp\/v2\/media?parent=10524"}],"curies":[{"name":"wp","href":"https:\/\/api.w.org\/{rel}","templated":true}]}}