{"id":10524,"date":"2021-11-16T12:29:16","date_gmt":"2021-11-16T12:29:16","guid":{"rendered":"http:\/\/dummy.xtemos.com\/woodmart2\/elementor\/?page_id=10524"},"modified":"2026-04-02T11:20:17","modified_gmt":"2026-04-02T11:20:17","slug":"avis","status":"publish","type":"page","link":"https:\/\/ampassion-auto.com\/pt\/avis\/","title":{"rendered":"Avalia\u00e7\u00f5es de clientes"},"content":{"rendered":"<div data-elementor-type=\"wp-page\" data-elementor-id=\"10524\" class=\"elementor elementor-10524\" data-elementor-post-type=\"page\">\n\t\t\t\t\t\t<section class=\"wd-negative-gap elementor-section elementor-top-section elementor-element elementor-element-2fe476be wd-section-stretch elementor-section-boxed elementor-section-height-default elementor-section-height-default\" data-id=\"2fe476be\" data-element_type=\"section\" data-e-type=\"section\" data-settings=\"{&quot;background_background&quot;:&quot;classic&quot;}\">\n\t\t\t\t\t\t<div class=\"elementor-container elementor-column-gap-default\">\n\t\t\t\t\t<div class=\"elementor-column elementor-col-100 elementor-top-column elementor-element elementor-element-388a99f0\" data-id=\"388a99f0\" data-element_type=\"column\" data-e-type=\"column\">\n\t\t\t<div class=\"elementor-widget-wrap elementor-element-populated\">\n\t\t\t\t\t\t<div class=\"elementor-element elementor-element-9469439 wd-width-100 elementor-widget elementor-widget-wd_title\" data-id=\"9469439\" data-element_type=\"widget\" data-e-type=\"widget\" data-widget_type=\"wd_title.default\">\n\t\t\t\t<div class=\"elementor-widget-container\">\n\t\t\t\t\t\t\t<div class=\"title-wrapper wd-set-mb reset-last-child wd-title-color-primary wd-title-style-bordered wd-title-size-default text-center\">\n\n\t\t\t\n\t\t\t<div class=\"liner-continer\">\n\t\t\t\t<h4 class=\"woodmart-title-container title wd-fontsize-l\">Avalia\u00e7\u00f5es de clientes<\/h4> \n\t\t\t\t\t\t\t<\/div>\n\n\t\t\t\t\t<\/div>\n\t\t\t\t\t\t<\/div>\n\t\t\t\t<\/div>\n\t\t\t\t<div class=\"elementor-element elementor-element-5b937734 elementor-widget elementor-widget-wd_testimonials\" data-id=\"5b937734\" data-element_type=\"widget\" data-e-type=\"widget\" data-widget_type=\"wd_testimonials.default\">\n\t\t\t\t<div class=\"elementor-widget-container\">\n\t\t\t\t\t\t\t<div class=\"testimonials testimon-style-boxed  color-scheme- testimon-align-left\" id=\"carousel-2076\">\n\t\t\t\n\t\t\t<div class=\"wd-grid-g\" style=\"--wd-col-lg:2;--wd-col-md:2;--wd-col-sm:1;--wd-gap-lg:30px;--wd-gap-sm:10px;\" >\n\t\t\t\t\n\t\t\t\t\t\t\t\t\t\n<div class=\"testimonial wd-col\">\n\t<div class=\"testimonial-inner\">\n\t\t\n\t\t<div class=\"testimonial-content\">\n\t\t\t<div class=\"testimonial-rating\">\n\t\t\t\t<span class=\"star-rating\">\n\t\t\t\t\t<span style=\"width:100%\"><\/span>\n\t\t\t\t<\/span>\n\t\t\t<\/div>\n\n\t\t\t<p>Sem surpresas ap\u00f3s a encomenda ou ao receber o carro. Estava muito limpo, praticamente novo. O estafeta foi muito simp\u00e1tico. O ve\u00edculo foi entregue com um dia de atraso, mas fui avisado. Tenho o carro h\u00e1 uma semana sem problemas e ainda tenho 14 dias para o testar. Satisfa\u00e7\u00e3o garantida ou o seu dinheiro de volta. Recomendo este site!<\/p>\n\t\t\t<footer>\n\t\t\t\tJoel\n\t\t\t\t\t\t\t<\/footer>\n\t\t<\/div>\n\t<\/div>\n<\/div>\t\t\t\t\t\t\t\t\t\n<div class=\"testimonial wd-col\">\n\t<div class=\"testimonial-inner\">\n\t\t\n\t\t<div class=\"testimonial-content\">\n\t\t\t<div class=\"testimonial-rating\">\n\t\t\t\t<span class=\"star-rating\">\n\t\t\t\t\t<span style=\"width:100%\"><\/span>\n\t\t\t\t<\/span>\n\t\t\t<\/div>\n\n\t\t\t<p>Inicialmente bastante apreensivo em importar um BMW da Alemanha, voltaria a faz\u00ea-lo sem hesita\u00e7\u00e3o com a Premium Import. A comunica\u00e7\u00e3o durante todo o processo foi excelente. A Cynthia foi muito \u00e1gil a reservar o ve\u00edculo imediatamente na Alemanha (o modelo 340i GT xDrive Luxury era muito procurado) e a tratar de toda a parte administrativa subsequente. Agrade\u00e7o tamb\u00e9m ao Maxime pela calorosa rece\u00e7\u00e3o e pelo completo apoio.<\/p>\n\t\t\t<footer>\n\t\t\t\tDa Silva\n\t\t\t\t\t\t\t<\/footer>\n\t\t<\/div>\n\t<\/div>\n<\/div>\t\t\t\t\t\t\t\t\t\n<div class=\"testimonial wd-col\">\n\t<div class=\"testimonial-inner\">\n\t\t\n\t\t<div class=\"testimonial-content\">\n\t\t\t<div class=\"testimonial-rating\">\n\t\t\t\t<span class=\"star-rating\">\n\t\t\t\t\t<span style=\"width:100%\"><\/span>\n\t\t\t\t<\/span>\n\t\t\t<\/div>\n\n\t\t\t<p>Perfeito do in\u00edcio ao fim! Estava um pouco apreensivo porque n\u00e3o \u00e9 poss\u00edvel ver o carro pessoalmente, mas o que encomendei correspondeu perfeitamente \u00e0s minhas necessidades e at\u00e9 as superou! Foi entregue \u00e0 minha porta conforme prometido e dentro do prazo. Toda a documenta\u00e7\u00e3o estava pronta para eu assinar. O servi\u00e7o p\u00f3s-venda \u00e9 excelente, especialmente com o Alain, que foi sempre muito atencioso. Recomendo vivamente e com certeza voltarei a utilizar os seus servi\u00e7os para comprar o meu pr\u00f3ximo ve\u00edculo!<\/p>\n\t\t\t<footer>\n\t\t\t\tPhilips\n\t\t\t\t\t\t\t<\/footer>\n\t\t<\/div>\n\t<\/div>\n<\/div>\t\t\t\t\t\t\t\t\t\n<div class=\"testimonial wd-col\">\n\t<div class=\"testimonial-inner\">\n\t\t\n\t\t<div class=\"testimonial-content\">\n\t\t\t<div class=\"testimonial-rating\">\n\t\t\t\t<span class=\"star-rating\">\n\t\t\t\t\t<span style=\"width:100%\"><\/span>\n\t\t\t\t<\/span>\n\t\t\t<\/div>\n\n\t\t\t<p>O ve\u00edculo foi entregue conforme descrito, limpo e com toda a documenta\u00e7\u00e3o em meu nome, preparada com anteced\u00eancia e organizada. No entanto, n\u00e3o havia margem para negocia\u00e7\u00e3o quanto ao pre\u00e7o, mas em contrapartida, o servi\u00e7o foi excelente, com um processo de compra f\u00e1cil do in\u00edcio ao fim e entrega ao domic\u00edlio realizada por um agente atencioso que se disp\u00f4s a responder a todas as minhas quest\u00f5es.<\/p>\n\t\t\t<footer>\n\t\t\t\tFirmin\n\t\t\t\t\t\t\t<\/footer>\n\t\t<\/div>\n\t<\/div>\n<\/div>\t\t\t\t\t\t\t\t\t\n<div class=\"testimonial wd-col\">\n\t<div class=\"testimonial-inner\">\n\t\t\n\t\t<div class=\"testimonial-content\">\n\t\t\t<div class=\"testimonial-rating\">\n\t\t\t\t<span class=\"star-rating\">\n\t\t\t\t\t<span style=\"width:100%\"><\/span>\n\t\t\t\t<\/span>\n\t\t\t<\/div>\n\n\t\t\t<p>Recomendo este site para a compra do seu carro. Gra\u00e7as a esta empresa, consegui adquirir o meu carro com apenas uma entrada e o restante em presta\u00e7\u00f5es mensais. Uma \u00f3tima experi\u00eancia. Sem qualquer reclama\u00e7\u00e3o, tudo claro e simples. O carro foi entregue limpo e exatamente como descrito e esperado. Recomendo.<\/p>\n\t\t\t<footer>\n\t\t\t\tHelena\n\t\t\t\t\t\t\t<\/footer>\n\t\t<\/div>\n\t<\/div>\n<\/div>\t\t\t\t\t\t\t\t\t\n<div class=\"testimonial wd-col\">\n\t<div class=\"testimonial-inner\">\n\t\t\n\t\t<div class=\"testimonial-content\">\n\t\t\t<div class=\"testimonial-rating\">\n\t\t\t\t<span class=\"star-rating\">\n\t\t\t\t\t<span style=\"width:100%\"><\/span>\n\t\t\t\t<\/span>\n\t\t\t<\/div>\n\n\t\t\t<p>A minha primeira experi\u00eancia foi um sucesso e n\u00e3o hesitaria em comprar-lhes outro ve\u00edculo. Recomendo-os a 100%. A entrega foi simplesmente fant\u00e1stica. Recomendo-os vivamente. Com certeza, voltarei a utilizar os servi\u00e7os deles.<\/p>\n\t\t\t<footer>\n\t\t\t\tRosie\n\t\t\t\t\t\t\t<\/footer>\n\t\t<\/div>\n\t<\/div>\n<\/div>\t\t\t\t\t\t\t\t\t\n<div class=\"testimonial wd-col\">\n\t<div class=\"testimonial-inner\">\n\t\t\n\t\t<div class=\"testimonial-content\">\n\t\t\t<div class=\"testimonial-rating\">\n\t\t\t\t<span class=\"star-rating\">\n\t\t\t\t\t<span style=\"width:100%\"><\/span>\n\t\t\t\t<\/span>\n\t\t\t<\/div>\n\n\t\t\t<p>Gra\u00e7as a si, consegui comprar um belo 308. O carro foi preparado para venda muito rapidamente. Fiquei bastante satisfeito com o servi\u00e7o e recomendo este vendedor.<\/p>\n\t\t\t<footer>\n\t\t\t\tJustino\n\t\t\t\t\t\t\t<\/footer>\n\t\t<\/div>\n\t<\/div>\n<\/div>\t\t\t\t\t\t\t\t\t\n<div class=\"testimonial wd-col\">\n\t<div class=\"testimonial-inner\">\n\t\t\n\t\t<div class=\"testimonial-content\">\n\t\t\t<div class=\"testimonial-rating\">\n\t\t\t\t<span class=\"star-rating\">\n\t\t\t\t\t<span style=\"width:100%\"><\/span>\n\t\t\t\t<\/span>\n\t\t\t<\/div>\n\n\t\t\t<p>Excelente servi\u00e7o, estou muito satisfeita. Tudo correu conforme o planeado. Recomendo vivamente! \u00d3tima experi\u00eancia.<\/p>\n\t\t\t<footer>\n\t\t\t\tGast\u00e3o\n\t\t\t\t\t\t\t<\/footer>\n\t\t<\/div>\n\t<\/div>\n<\/div>\t\t\t\t\t\t\t\t\t\n<div class=\"testimonial wd-col\">\n\t<div class=\"testimonial-inner\">\n\t\t\n\t\t<div class=\"testimonial-content\">\n\t\t\t<div class=\"testimonial-rating\">\n\t\t\t\t<span class=\"star-rating\">\n\t\t\t\t\t<span style=\"width:100%\"><\/span>\n\t\t\t\t<\/span>\n\t\t\t<\/div>\n\n\t\t\t<p>O carro \u00e9 lindo, como eu esperava, e foi entregue diretamente \u00e0 minha porta. O \u00fanico pequeno inconveniente foi a falta do kit de repara\u00e7\u00e3o de pneus e de todos os outros itens na bagageira. Para resolver este pequeno problema, falei com um consultor muito profissional que me aconselhou a comprar as pe\u00e7as de substitui\u00e7\u00e3o a um fornecedor parceiro. Recomendo vivamente esta empresa.<\/p>\n\t\t\t<footer>\n\t\t\t\tFr\u00e9deric\n\t\t\t\t\t\t\t<\/footer>\n\t\t<\/div>\n\t<\/div>\n<\/div>\t\t\t\t\t\t\t\t\t\n<div class=\"testimonial wd-col\">\n\t<div class=\"testimonial-inner\">\n\t\t\n\t\t<div class=\"testimonial-content\">\n\t\t\t<div class=\"testimonial-rating\">\n\t\t\t\t<span class=\"star-rating\">\n\t\t\t\t\t<span style=\"width:100%\"><\/span>\n\t\t\t\t<\/span>\n\t\t\t<\/div>\n\n\t\t\t<p>Excelente atendimento, pessoal simp\u00e1tico e atencioso. Tudo foi tratado por telefone, SMS, WhatsApp e fotos, e o ve\u00edculo correspondeu na perfei\u00e7\u00e3o \u00e0s minhas expectativas. O ve\u00edculo estava muito limpo \u00e0 entrega. Obrigado a J\u00e9r\u00f4me Dr\u00e9an pelo seu profissionalismo e conhecimento; recomendo vivamente.<\/p>\n\t\t\t<footer>\n\t\t\t\tMiss\u00e3o\n\t\t\t\t\t\t\t<\/footer>\n\t\t<\/div>\n\t<\/div>\n<\/div>\t\t\t\t\n\t\t\t\t\t\t\t<\/div>\n\t\t\t\t\t<\/div>\n\t\t\t\t\t\t<\/div>\n\t\t\t\t<\/div>\n\t\t\t\t\t<\/div>\n\t\t<\/div>\n\t\t\t\t\t<\/div>\n\t\t<\/section>\n\t\t\t\t<\/div>","protected":false},"excerpt":{"rendered":"<p>Avis de nos clients Aucune surprise apr\u00e8s la commende ni lors de la r\u00e9ception de la voiture. Celle-ci \u00e9tait tr\u00e8s<\/p>","protected":false},"author":1,"featured_media":0,"parent":0,"menu_order":0,"comment_status":"closed","ping_status":"closed","template":"","meta":{"footnotes":""},"class_list":["post-10524","page","type-page","status-publish","hentry"],"_links":{"self":[{"href":"https:\/\/ampassion-auto.com\/pt\/wp-json\/wp\/v2\/pages\/10524","targetHints":{"allow":["GET"]}}],"collection":[{"href":"https:\/\/ampassion-auto.com\/pt\/wp-json\/wp\/v2\/pages"}],"about":[{"href":"https:\/\/ampassion-auto.com\/pt\/wp-json\/wp\/v2\/types\/page"}],"author":[{"embeddable":true,"href":"https:\/\/ampassion-auto.com\/pt\/wp-json\/wp\/v2\/users\/1"}],"replies":[{"embeddable":true,"href":"https:\/\/ampassion-auto.com\/pt\/wp-json\/wp\/v2\/comments?post=10524"}],"version-history":[{"count":16,"href":"https:\/\/ampassion-auto.com\/pt\/wp-json\/wp\/v2\/pages\/10524\/revisions"}],"predecessor-version":[{"id":16040,"href":"https:\/\/ampassion-auto.com\/pt\/wp-json\/wp\/v2\/pages\/10524\/revisions\/16040"}],"wp:attachment":[{"href":"https:\/\/ampassion-auto.com\/pt\/wp-json\/wp\/v2\/media?parent=10524"}],"curies":[{"name":"wp","href":"https:\/\/api.w.org\/{rel}","templated":true}]}}