{"id":10524,"date":"2021-11-16T12:29:16","date_gmt":"2021-11-16T12:29:16","guid":{"rendered":"http:\/\/dummy.xtemos.com\/woodmart2\/elementor\/?page_id=10524"},"modified":"2026-04-02T11:20:17","modified_gmt":"2026-04-02T11:20:17","slug":"avis","status":"publish","type":"page","link":"https:\/\/ampassion-auto.com\/sk\/avis\/","title":{"rendered":"Recenzie z\u00e1kazn\u00edkov"},"content":{"rendered":"<div data-elementor-type=\"wp-page\" data-elementor-id=\"10524\" class=\"elementor elementor-10524\" data-elementor-post-type=\"page\">\n\t\t\t\t\t\t<section class=\"wd-negative-gap elementor-section elementor-top-section elementor-element elementor-element-2fe476be wd-section-stretch elementor-section-boxed elementor-section-height-default elementor-section-height-default\" data-id=\"2fe476be\" data-element_type=\"section\" data-e-type=\"section\" data-settings=\"{&quot;background_background&quot;:&quot;classic&quot;}\">\n\t\t\t\t\t\t<div class=\"elementor-container elementor-column-gap-default\">\n\t\t\t\t\t<div class=\"elementor-column elementor-col-100 elementor-top-column elementor-element elementor-element-388a99f0\" data-id=\"388a99f0\" data-element_type=\"column\" data-e-type=\"column\">\n\t\t\t<div class=\"elementor-widget-wrap elementor-element-populated\">\n\t\t\t\t\t\t<div class=\"elementor-element elementor-element-9469439 wd-width-100 elementor-widget elementor-widget-wd_title\" data-id=\"9469439\" data-element_type=\"widget\" data-e-type=\"widget\" data-widget_type=\"wd_title.default\">\n\t\t\t\t<div class=\"elementor-widget-container\">\n\t\t\t\t\t\t\t<div class=\"title-wrapper wd-set-mb reset-last-child wd-title-color-primary wd-title-style-bordered wd-title-size-default text-center\">\n\n\t\t\t\n\t\t\t<div class=\"liner-continer\">\n\t\t\t\t<h4 class=\"woodmart-title-container title wd-fontsize-l\">Recenzie z\u00e1kazn\u00edkov<\/h4> \n\t\t\t\t\t\t\t<\/div>\n\n\t\t\t\t\t<\/div>\n\t\t\t\t\t\t<\/div>\n\t\t\t\t<\/div>\n\t\t\t\t<div class=\"elementor-element elementor-element-5b937734 elementor-widget elementor-widget-wd_testimonials\" data-id=\"5b937734\" data-element_type=\"widget\" data-e-type=\"widget\" data-widget_type=\"wd_testimonials.default\">\n\t\t\t\t<div class=\"elementor-widget-container\">\n\t\t\t\t\t\t\t<div class=\"testimonials testimon-style-boxed  color-scheme- testimon-align-left\" id=\"carousel-5427\">\n\t\t\t\n\t\t\t<div class=\"wd-grid-g\" style=\"--wd-col-lg:2;--wd-col-md:2;--wd-col-sm:1;--wd-gap-lg:30px;--wd-gap-sm:10px;\" >\n\t\t\t\t\n\t\t\t\t\t\t\t\t\t\n<div class=\"testimonial wd-col\">\n\t<div class=\"testimonial-inner\">\n\t\t\n\t\t<div class=\"testimonial-content\">\n\t\t\t<div class=\"testimonial-rating\">\n\t\t\t\t<span class=\"star-rating\">\n\t\t\t\t\t<span style=\"width:100%\"><\/span>\n\t\t\t\t<\/span>\n\t\t\t<\/div>\n\n\t\t\t<p>\u017diadne prekvapenia po objednan\u00ed ani pri prevzat\u00ed auta. Bolo ve\u013emi \u010dist\u00e9, prakticky \u00faplne nov\u00e9. Vodi\u010d dod\u00e1vky bol ve\u013emi priate\u013esk\u00fd. Vozidlo bolo doru\u010den\u00e9 s jednod\u0148ov\u00fdm me\u0161kan\u00edm, ale bol som o tom informovan\u00fd. Auto m\u00e1m u\u017e t\u00fd\u017ede\u0148 bez probl\u00e9mov a m\u00e1m tie\u017e 14 dn\u00ed na jeho otestovanie. Spokojnos\u0165 zaru\u010den\u00e1 alebo v\u00e1m vr\u00e1tim peniaze. T\u00fato str\u00e1nku odpor\u00fa\u010dam!<\/p>\n\t\t\t<footer>\n\t\t\t\tJoel\n\t\t\t\t\t\t\t<\/footer>\n\t\t<\/div>\n\t<\/div>\n<\/div>\t\t\t\t\t\t\t\t\t\n<div class=\"testimonial wd-col\">\n\t<div class=\"testimonial-inner\">\n\t\t\n\t\t<div class=\"testimonial-content\">\n\t\t\t<div class=\"testimonial-rating\">\n\t\t\t\t<span class=\"star-rating\">\n\t\t\t\t\t<span style=\"width:100%\"><\/span>\n\t\t\t\t<\/span>\n\t\t\t<\/div>\n\n\t\t\t<p>Spo\u010diatku som mal dos\u0165 ob\u00e1v z dovozu BMW z Nemecka, ale s Premium Import som sa do toho bez v\u00e1hania op\u00e4\u0165 pustil. Komunik\u00e1cia po\u010das cel\u00e9ho procesu bola vynikaj\u00faca. Cynthia bola ve\u013emi \u00fastretov\u00e1, okam\u017eite si rezervovala vozidlo v Nemecku (model 340i GT xDrive Luxury bol ve\u013emi \u017eiadan\u00fd) a potom sa postarala o v\u0161etky administrat\u00edvne z\u00e1le\u017eitosti. \u010eakujem aj Maximovi za jeho vr\u00facne priv\u00edtanie a komplexn\u00fa podporu.<\/p>\n\t\t\t<footer>\n\t\t\t\tDa Silva\n\t\t\t\t\t\t\t<\/footer>\n\t\t<\/div>\n\t<\/div>\n<\/div>\t\t\t\t\t\t\t\t\t\n<div class=\"testimonial wd-col\">\n\t<div class=\"testimonial-inner\">\n\t\t\n\t\t<div class=\"testimonial-content\">\n\t\t\t<div class=\"testimonial-rating\">\n\t\t\t\t<span class=\"star-rating\">\n\t\t\t\t\t<span style=\"width:100%\"><\/span>\n\t\t\t\t<\/span>\n\t\t\t<\/div>\n\n\t\t\t<p>Perfektn\u00e9 od za\u010diatku do konca! Mal som trochu obavy, preto\u017ee auto sa ned\u00e1 vidie\u0165 osobne, ale to, ktor\u00e9 som si objednal, dokonale sp\u013a\u0148alo moje po\u017eiadavky a dokonca ich prekonalo! Bolo mi doru\u010den\u00e9 a\u017e k dver\u00e1m, ako som s\u013e\u00fabil, a na\u010das. V\u0161etky papiere boli pripraven\u00e9 na podpis. Popredajn\u00fd servis je vynikaj\u00faci, najm\u00e4 s Alainom, ktor\u00fd bol v\u017edy ve\u013emi \u00fastretov\u00fd. Vrelo ich odpor\u00fa\u010dam a ur\u010dite ich slu\u017eby op\u00e4\u0165 vyu\u017eijem pre svoje \u010fal\u0161ie vozidlo!<\/p>\n\t\t\t<footer>\n\t\t\t\tPhilips\n\t\t\t\t\t\t\t<\/footer>\n\t\t<\/div>\n\t<\/div>\n<\/div>\t\t\t\t\t\t\t\t\t\n<div class=\"testimonial wd-col\">\n\t<div class=\"testimonial-inner\">\n\t\t\n\t\t<div class=\"testimonial-content\">\n\t\t\t<div class=\"testimonial-rating\">\n\t\t\t\t<span class=\"star-rating\">\n\t\t\t\t\t<span style=\"width:100%\"><\/span>\n\t\t\t\t<\/span>\n\t\t\t<\/div>\n\n\t\t\t<p>Vozidlo bolo dodan\u00e9 pod\u013ea popisu, \u010dist\u00e9 a so v\u0161etk\u00fdmi papiermi na moje meno, vopred pripraven\u00fdmi a \u00fah\u013eadne zau\u017e\u00edvan\u00fdmi. O cene sa v\u0161ak nedalo vyjedn\u00e1va\u0165, ale na opl\u00e1tku boli slu\u017eby vynikaj\u00face, s jednoduch\u00fdm procesom n\u00e1kupu od za\u010diatku do konca a doru\u010den\u00edm domov pozorn\u00fdm agentom, ktor\u00fd si na\u0161iel \u010das a odpovedal na v\u0161etky moje ot\u00e1zky.<\/p>\n\t\t\t<footer>\n\t\t\t\tFirmin\n\t\t\t\t\t\t\t<\/footer>\n\t\t<\/div>\n\t<\/div>\n<\/div>\t\t\t\t\t\t\t\t\t\n<div class=\"testimonial wd-col\">\n\t<div class=\"testimonial-inner\">\n\t\t\n\t\t<div class=\"testimonial-content\">\n\t\t\t<div class=\"testimonial-rating\">\n\t\t\t\t<span class=\"star-rating\">\n\t\t\t\t\t<span style=\"width:100%\"><\/span>\n\t\t\t\t<\/span>\n\t\t\t<\/div>\n\n\t\t\t<p>T\u00fato webov\u00fa str\u00e1nku odpor\u00fa\u010dam na n\u00e1kup auta. V\u010faka tejto spolo\u010dnosti som si auto zaobstaral len s akont\u00e1ciou a zvy\u0161ok som platil mesa\u010dn\u00fdmi spl\u00e1tkami. Ve\u013emi dobr\u00e1 sk\u00fasenos\u0165. \u017diadne s\u0165a\u017enosti, v\u0161etko bolo \u010dist\u00e9 a jednoduch\u00e9. Auto bolo dodan\u00e9 \u010dist\u00e9 a presne pod\u013ea popisu a o\u010dak\u00e1van\u00ed. Odpor\u00fa\u010dam ich.<\/p>\n\t\t\t<footer>\n\t\t\t\tHelena\n\t\t\t\t\t\t\t<\/footer>\n\t\t<\/div>\n\t<\/div>\n<\/div>\t\t\t\t\t\t\t\t\t\n<div class=\"testimonial wd-col\">\n\t<div class=\"testimonial-inner\">\n\t\t\n\t\t<div class=\"testimonial-content\">\n\t\t\t<div class=\"testimonial-rating\">\n\t\t\t\t<span class=\"star-rating\">\n\t\t\t\t\t<span style=\"width:100%\"><\/span>\n\t\t\t\t<\/span>\n\t\t\t<\/div>\n\n\t\t\t<p>Moja prv\u00e1 sk\u00fasenos\u0165 bola \u00faspe\u0161n\u00e1 a bez v\u00e1hania by som si od nich k\u00fapil \u010fal\u0161ie vozidlo. Odpor\u00fa\u010dam ich na 100 %. Dodanie bolo jednoducho fantastick\u00e9. Vrelo ich odpor\u00fa\u010dam. Ur\u010dite ich slu\u017eby znova vyu\u017eijem.<\/p>\n\t\t\t<footer>\n\t\t\t\tRosie\n\t\t\t\t\t\t\t<\/footer>\n\t\t<\/div>\n\t<\/div>\n<\/div>\t\t\t\t\t\t\t\t\t\n<div class=\"testimonial wd-col\">\n\t<div class=\"testimonial-inner\">\n\t\t\n\t\t<div class=\"testimonial-content\">\n\t\t\t<div class=\"testimonial-rating\">\n\t\t\t\t<span class=\"star-rating\">\n\t\t\t\t\t<span style=\"width:100%\"><\/span>\n\t\t\t\t<\/span>\n\t\t\t<\/div>\n\n\t\t\t<p>V\u010faka v\u00e1m som si mohol k\u00fapi\u0165 kr\u00e1sny model 308. Auto bolo ve\u013emi r\u00fdchlo pripraven\u00e9 na predaj. Bol som so slu\u017ebami celkom spokojn\u00fd a odpor\u00fa\u010dam tohto predajcu.<\/p>\n\t\t\t<footer>\n\t\t\t\tJustin\n\t\t\t\t\t\t\t<\/footer>\n\t\t<\/div>\n\t<\/div>\n<\/div>\t\t\t\t\t\t\t\t\t\n<div class=\"testimonial wd-col\">\n\t<div class=\"testimonial-inner\">\n\t\t\n\t\t<div class=\"testimonial-content\">\n\t\t\t<div class=\"testimonial-rating\">\n\t\t\t\t<span class=\"star-rating\">\n\t\t\t\t\t<span style=\"width:100%\"><\/span>\n\t\t\t\t<\/span>\n\t\t\t<\/div>\n\n\t\t\t<p>Vynikaj\u00face slu\u017eby, som nad\u0161en\u00fd. V\u0161etko prebehlo pod\u013ea pl\u00e1nu. Vrelo odpor\u00fa\u010dam! Skvel\u00fd z\u00e1\u017eitok.<\/p>\n\t\t\t<footer>\n\t\t\t\tGaston\n\t\t\t\t\t\t\t<\/footer>\n\t\t<\/div>\n\t<\/div>\n<\/div>\t\t\t\t\t\t\t\t\t\n<div class=\"testimonial wd-col\">\n\t<div class=\"testimonial-inner\">\n\t\t\n\t\t<div class=\"testimonial-content\">\n\t\t\t<div class=\"testimonial-rating\">\n\t\t\t\t<span class=\"star-rating\">\n\t\t\t\t\t<span style=\"width:100%\"><\/span>\n\t\t\t\t<\/span>\n\t\t\t<\/div>\n\n\t\t\t<p>Auto je kr\u00e1sne, ako som o\u010dak\u00e1val, a bolo mi doru\u010den\u00e9 priamo k dver\u00e1m. Jedinou malou nev\u00fdhodou bola ch\u00fdbaj\u00faca sada na opravu pneumat\u00edk a v\u0161etko ostatn\u00e9 v kufri. Kv\u00f4li tejto men\u0161ej nepr\u00edjemnosti som sa porozpr\u00e1val s ve\u013emi profesion\u00e1lnym poradcom, ktor\u00fd mi povedal, aby som si k\u00fapil n\u00e1hradn\u00e9 auto od partnersk\u00e9ho dod\u00e1vate\u013ea. Vrelo ich odpor\u00fa\u010dam.<\/p>\n\t\t\t<footer>\n\t\t\t\tFr\u00e9deric\n\t\t\t\t\t\t\t<\/footer>\n\t\t<\/div>\n\t<\/div>\n<\/div>\t\t\t\t\t\t\t\t\t\n<div class=\"testimonial wd-col\">\n\t<div class=\"testimonial-inner\">\n\t\t\n\t\t<div class=\"testimonial-content\">\n\t\t\t<div class=\"testimonial-rating\">\n\t\t\t\t<span class=\"star-rating\">\n\t\t\t\t\t<span style=\"width:100%\"><\/span>\n\t\t\t\t<\/span>\n\t\t\t<\/div>\n\n\t\t\t<p>Ve\u013emi vr\u00facne priv\u00edtanie od priate\u013eskej a pozornej osoby. V\u0161etko bolo vybaven\u00e9 telefonicky, SMS spr\u00e1vou, WhatsAppom a fotkami a vozidlo dokonale splnilo moje o\u010dak\u00e1vania. Vozidlo bolo ve\u013emi \u010dist\u00e9, ke\u010f som ho prevzal. \u010eakujem J\u00e9r\u00f4movi Dr\u00e9anovi za jeho profesionalitu a odborn\u00e9 znalosti; vrelo ho odpor\u00fa\u010dam.<\/p>\n\t\t\t<footer>\n\t\t\t\tPoslanie\n\t\t\t\t\t\t\t<\/footer>\n\t\t<\/div>\n\t<\/div>\n<\/div>\t\t\t\t\n\t\t\t\t\t\t\t<\/div>\n\t\t\t\t\t<\/div>\n\t\t\t\t\t\t<\/div>\n\t\t\t\t<\/div>\n\t\t\t\t\t<\/div>\n\t\t<\/div>\n\t\t\t\t\t<\/div>\n\t\t<\/section>\n\t\t\t\t<\/div>","protected":false},"excerpt":{"rendered":"<p>Avis de nos clients Aucune surprise apr\u00e8s la commende ni lors de la r\u00e9ception de la voiture. Celle-ci \u00e9tait tr\u00e8s<\/p>","protected":false},"author":1,"featured_media":0,"parent":0,"menu_order":0,"comment_status":"closed","ping_status":"closed","template":"","meta":{"footnotes":""},"class_list":["post-10524","page","type-page","status-publish","hentry"],"_links":{"self":[{"href":"https:\/\/ampassion-auto.com\/sk\/wp-json\/wp\/v2\/pages\/10524","targetHints":{"allow":["GET"]}}],"collection":[{"href":"https:\/\/ampassion-auto.com\/sk\/wp-json\/wp\/v2\/pages"}],"about":[{"href":"https:\/\/ampassion-auto.com\/sk\/wp-json\/wp\/v2\/types\/page"}],"author":[{"embeddable":true,"href":"https:\/\/ampassion-auto.com\/sk\/wp-json\/wp\/v2\/users\/1"}],"replies":[{"embeddable":true,"href":"https:\/\/ampassion-auto.com\/sk\/wp-json\/wp\/v2\/comments?post=10524"}],"version-history":[{"count":16,"href":"https:\/\/ampassion-auto.com\/sk\/wp-json\/wp\/v2\/pages\/10524\/revisions"}],"predecessor-version":[{"id":16040,"href":"https:\/\/ampassion-auto.com\/sk\/wp-json\/wp\/v2\/pages\/10524\/revisions\/16040"}],"wp:attachment":[{"href":"https:\/\/ampassion-auto.com\/sk\/wp-json\/wp\/v2\/media?parent=10524"}],"curies":[{"name":"wp","href":"https:\/\/api.w.org\/{rel}","templated":true}]}}